{"id":4142,"date":"2025-10-09T12:52:47","date_gmt":"2025-10-09T12:52:47","guid":{"rendered":"https:\/\/ideaexponent.onetechteam.com\/politique-de-confidentialite\/"},"modified":"2025-10-14T09:01:37","modified_gmt":"2025-10-14T09:01:37","slug":"politique-de-confidentialite","status":"publish","type":"page","link":"https:\/\/ideaexponent.com\/fr\/politique-de-confidentialite\/","title":{"rendered":"Politique de confidentialit\u00e9"},"content":{"rendered":"\t\t<div data-elementor-type=\"wp-page\" data-elementor-id=\"4142\" class=\"elementor elementor-4142 elementor-3847\" data-elementor-post-type=\"page\">\n\t\t\t\t<div class=\"elementor-element elementor-element-3f56ac1 e-flex e-con-boxed e-con e-parent\" data-id=\"3f56ac1\" data-element_type=\"container\" data-e-type=\"container\" data-settings=\"{&quot;background_background&quot;:&quot;classic&quot;}\">\n\t\t\t\t\t<div class=\"e-con-inner\">\n\t\t\t\t<div class=\"elementor-element elementor-element-cbf0052 elementor-widget elementor-widget-spacer\" data-id=\"cbf0052\" data-element_type=\"widget\" data-e-type=\"widget\" data-widget_type=\"spacer.default\">\n\t\t\t\t<div class=\"elementor-widget-container\">\n\t\t\t\t\t\t\t<div class=\"elementor-spacer\">\n\t\t\t<div class=\"elementor-spacer-inner\"><\/div>\n\t\t<\/div>\n\t\t\t\t\t\t<\/div>\n\t\t\t\t<\/div>\n\t\t\t\t<div class=\"elementor-element elementor-element-06eb938 elementor-widget elementor-widget-heading\" data-id=\"06eb938\" data-element_type=\"widget\" data-e-type=\"widget\" data-widget_type=\"heading.default\">\n\t\t\t\t<div class=\"elementor-widget-container\">\n\t\t\t\t\t<h2 class=\"elementor-heading-title elementor-size-default\">POLITIQUE DE CONFIDENTIALIT\u00c9<\/h2>\t\t\t\t<\/div>\n\t\t\t\t<\/div>\n\t\t\t\t<div class=\"elementor-element elementor-element-ac0a686 elementor-widget elementor-widget-spacer\" data-id=\"ac0a686\" data-element_type=\"widget\" data-e-type=\"widget\" data-widget_type=\"spacer.default\">\n\t\t\t\t<div class=\"elementor-widget-container\">\n\t\t\t\t\t\t\t<div class=\"elementor-spacer\">\n\t\t\t<div class=\"elementor-spacer-inner\"><\/div>\n\t\t<\/div>\n\t\t\t\t\t\t<\/div>\n\t\t\t\t<\/div>\n\t\t\t\t<div class=\"elementor-element elementor-element-a29baa2 elementor-widget elementor-widget-heading\" data-id=\"a29baa2\" data-element_type=\"widget\" data-e-type=\"widget\" data-widget_type=\"heading.default\">\n\t\t\t\t<div class=\"elementor-widget-container\">\n\t\t\t\t\t<h4 class=\"elementor-heading-title elementor-size-default\">\u00c0 QUOI SERVIRA Serralleria F. Franch, S.L. LES DONN\u00c9ES PERSONNELLES DE L'UTILISATEUR ET PENDANT COMBIEN DE TEMPS ?<\/h4>\t\t\t\t<\/div>\n\t\t\t\t<\/div>\n\t\t\t\t<div class=\"elementor-element elementor-element-4c42422 elementor-widget elementor-widget-text-editor\" data-id=\"4c42422\" data-element_type=\"widget\" data-e-type=\"widget\" data-widget_type=\"text-editor.default\">\n\t\t\t\t<div class=\"elementor-widget-container\">\n\t\t\t\t\t\t\t\t\tLes donn\u00e9es personnelles fournies sur le site web seront trait\u00e9es par Serralleria F. Franch, S.L. aux fins suivantes : g\u00e9rer, traiter et r\u00e9pondre aux demandes, requ\u00eates, incidents ou requ\u00eates de l&rsquo;utilisateur lorsqu&rsquo;il fournit des informations via le formulaire \u00ab Devis \u00bb. Les donn\u00e9es de l&rsquo;utilisateur seront conserv\u00e9es \u00e0 cette fin jusqu&rsquo;\u00e0 ce qu&rsquo;il s&rsquo;y oppose ou r\u00e9voque son consentement. \t\t\t\t\t\t\t\t<\/div>\n\t\t\t\t<\/div>\n\t\t\t\t<div class=\"elementor-element elementor-element-4cc99c4 elementor-widget elementor-widget-heading\" data-id=\"4cc99c4\" data-element_type=\"widget\" data-e-type=\"widget\" data-widget_type=\"heading.default\">\n\t\t\t\t<div class=\"elementor-widget-container\">\n\t\t\t\t\t<h4 class=\"elementor-heading-title elementor-size-default\">QUELLES DONN\u00c9ES UTILISATEUR Serralleria F. Franch, S.L. TRAITERA-T-ELLE ?<\/h4>\t\t\t\t<\/div>\n\t\t\t\t<\/div>\n\t\t\t\t<div class=\"elementor-element elementor-element-08c1b9a elementor-widget elementor-widget-text-editor\" data-id=\"08c1b9a\" data-element_type=\"widget\" data-e-type=\"widget\" data-widget_type=\"text-editor.default\">\n\t\t\t\t<div class=\"elementor-widget-container\">\n\t\t\t\t\t\t\t\t\tSerralleria F. Franch, S.L. traitera les cat\u00e9gories suivantes de donn\u00e9es Utilisateur : donn\u00e9es d&rsquo;identification et informations de contact.\t\t\t\t\t\t\t\t<\/div>\n\t\t\t\t<\/div>\n\t\t\t\t<div class=\"elementor-element elementor-element-4a47395 elementor-widget elementor-widget-heading\" data-id=\"4a47395\" data-element_type=\"widget\" data-e-type=\"widget\" data-widget_type=\"heading.default\">\n\t\t\t\t<div class=\"elementor-widget-container\">\n\t\t\t\t\t<h4 class=\"elementor-heading-title elementor-size-default\">QUELLE EST LA L\u00c9GITIMATION DU TRAITEMENT DES DONN\u00c9ES UTILISATEUR ?<\/h4>\t\t\t\t<\/div>\n\t\t\t\t<\/div>\n\t\t\t\t<div class=\"elementor-element elementor-element-5ce8191 elementor-widget elementor-widget-text-editor\" data-id=\"5ce8191\" data-element_type=\"widget\" data-e-type=\"widget\" data-widget_type=\"text-editor.default\">\n\t\t\t\t<div class=\"elementor-widget-container\">\n\t\t\t\t\t\t\t\t\tLe traitement des donn\u00e9es des utilisateurs par Serralleria F. Franch, S.L. repose sur le consentement demand\u00e9, que les utilisateurs peuvent retirer \u00e0 tout moment. Toutefois, le retrait de ce consentement n&rsquo;affectera pas la l\u00e9galit\u00e9 du traitement effectu\u00e9 pr\u00e9c\u00e9demment.<br>Les consentements obtenus aux fins susmentionn\u00e9es sont ind\u00e9pendants ; par cons\u00e9quent, l&rsquo;utilisateur ne peut r\u00e9voquer qu&rsquo;un seul d&rsquo;entre eux, sans que cela n&rsquo;affecte les autres. \t\t\t\t\t\t\t\t<\/div>\n\t\t\t\t<\/div>\n\t\t\t\t<div class=\"elementor-element elementor-element-7f26c64 elementor-widget elementor-widget-heading\" data-id=\"7f26c64\" data-element_type=\"widget\" data-e-type=\"widget\" data-widget_type=\"heading.default\">\n\t\t\t\t<div class=\"elementor-widget-container\">\n\t\t\t\t\t<h4 class=\"elementor-heading-title elementor-size-default\">RESPONSABILIT\u00c9 DE L'UTILISATEUR.<\/h4>\t\t\t\t<\/div>\n\t\t\t\t<\/div>\n\t\t\t\t<div class=\"elementor-element elementor-element-19599b6 elementor-widget elementor-widget-text-editor\" data-id=\"19599b6\" data-element_type=\"widget\" data-e-type=\"widget\" data-widget_type=\"text-editor.default\">\n\t\t\t\t<div class=\"elementor-widget-container\">\n\t\t\t\t\t\t\t\t\t<p>L&rsquo;Utilisateur :<br>Garantit que les informations fournies \u00e0 Serralleria F. Franch, S.L. sont vraies, exactes, compl\u00e8tes et \u00e0 jour. \u00c0 cet effet, l&rsquo;Utilisateur est responsable de la v\u00e9racit\u00e9 de toutes les informations fournies et s&rsquo;engage \u00e0 les tenir \u00e0 jour afin qu&rsquo;elles refl\u00e8tent sa situation r\u00e9elle.<br>L&rsquo;Utilisateur est responsable de toute information fausse ou inexacte fournie sur le Site Web et de tout dommage direct ou indirect caus\u00e9 \u00e0 Serralleria F. Franch, S.L. ou \u00e0 des tiers. <\/p>\t\t\t\t\t\t\t\t<\/div>\n\t\t\t\t<\/div>\n\t\t\t\t<div class=\"elementor-element elementor-element-b0d399d elementor-widget elementor-widget-heading\" data-id=\"b0d399d\" data-element_type=\"widget\" data-e-type=\"widget\" data-widget_type=\"heading.default\">\n\t\t\t\t<div class=\"elementor-widget-container\">\n\t\t\t\t\t<h4 class=\"elementor-heading-title elementor-size-default\">R\u00c9SEAUX SOCIAUX.<\/h4>\t\t\t\t<\/div>\n\t\t\t\t<\/div>\n\t\t\t\t<div class=\"elementor-element elementor-element-ba00ba5 elementor-widget elementor-widget-text-editor\" data-id=\"ba00ba5\" data-element_type=\"widget\" data-e-type=\"widget\" data-widget_type=\"text-editor.default\">\n\t\t\t\t<div class=\"elementor-widget-container\">\n\t\t\t\t\t\t\t\t\tLes profils de r\u00e9seaux sociaux g\u00e9r\u00e9s par Serralleria F. Franch, S.L. n&rsquo;impliquent aucun traitement de donn\u00e9es au-del\u00e0 de ce que le r\u00e9seau social autorise pour les profils d&rsquo;entreprise. Serralleria F. Franch, S.L. peut utiliser ces profils pour informer les utilisateurs de chaque r\u00e9seau social inscrit \u00e0 son profil de ses activit\u00e9s, \u00e9v\u00e9nements, s\u00e9minaires, offres, promotions ou nouveaut\u00e9s produits ou services, ainsi que pour partager des informations d&rsquo;int\u00e9r\u00eat sur les sujets d&rsquo;actualit\u00e9 de l&rsquo;entreprise. Serralleria F. Franch, S.L. n&rsquo;extraira aucune donn\u00e9e directement du r\u00e9seau social.  \t\t\t\t\t\t\t\t<\/div>\n\t\t\t\t<\/div>\n\t\t\t\t<div class=\"elementor-element elementor-element-c3fa75c elementor-widget elementor-widget-heading\" data-id=\"c3fa75c\" data-element_type=\"widget\" data-e-type=\"widget\" data-widget_type=\"heading.default\">\n\t\t\t\t<div class=\"elementor-widget-container\">\n\t\t\t\t\t<h4 class=\"elementor-heading-title elementor-size-default\">EXERCICE DES DROITS.<\/h4>\t\t\t\t<\/div>\n\t\t\t\t<\/div>\n\t\t\t\t<div class=\"elementor-element elementor-element-2d20391 elementor-widget elementor-widget-text-editor\" data-id=\"2d20391\" data-element_type=\"widget\" data-e-type=\"widget\" data-widget_type=\"text-editor.default\">\n\t\t\t\t<div class=\"elementor-widget-container\">\n\t\t\t\t\t\t\t\t\tL&rsquo;Utilisateur peut adresser \u00e0 Serralleria F. Franch, S.L., \u00e0 l&rsquo;adresse e-mail info@grupfranch.com, une lettre mentionnant la mention \u00ab Protection des donn\u00e9es \u00bb, accompagn\u00e9e d&rsquo;une photocopie de sa pi\u00e8ce d&rsquo;identit\u00e9, \u00e0 tout moment et gratuitement, afin de :<br>R\u00e9voquer les consentements accord\u00e9s.<br>Acc\u00e8s. Vous pouvez demander l&rsquo;acc\u00e8s aux informations personnelles que nous d\u00e9tenons \u00e0 votre sujet.<br>Rectification. Vous pouvez nous demander de corriger, modifier ou supprimer toute information incompl\u00e8te, obsol\u00e8te ou inexacte.<br>Suppression. Vous pouvez demander la suppression de vos informations personnelles lorsque, entre autres raisons, elles ne sont plus n\u00e9cessaires aux fins pour lesquelles elles ont \u00e9t\u00e9 collect\u00e9es.<br>Opposition. Vous pouvez \u00e9galement vous opposer au traitement de vos informations personnelles pour des raisons d&rsquo;int\u00e9r\u00eat l\u00e9gitime.<br>Limitation du traitement. Obtenez de Serralleria F. Franch, S.L. la limitation du traitement des donn\u00e9es lorsque l&rsquo;une des conditions pr\u00e9vues par la r\u00e9glementation sur la protection des donn\u00e9es est remplie.<br>Portabilit\u00e9 de vos donn\u00e9es. Droit de recevoir vos donn\u00e9es afin qu&rsquo;elles soient transmises \u00e0 un autre responsable du traitement.<br>Plainte. Vous avez \u00e9galement le droit de d\u00e9poser une plainte aupr\u00e8s de l&rsquo;Agence espagnole de protection des donn\u00e9es (http:\/\/www.agpd.es) si vous estimez que Serralleria F. Franch, S.L. a viol\u00e9 vos droits en vertu de la r\u00e9glementation applicable en mati\u00e8re de protection des donn\u00e9es.       \t\t\t\t\t\t\t\t<\/div>\n\t\t\t\t<\/div>\n\t\t\t\t<div class=\"elementor-element elementor-element-a7b4877 elementor-widget elementor-widget-heading\" data-id=\"a7b4877\" data-element_type=\"widget\" data-e-type=\"widget\" data-widget_type=\"heading.default\">\n\t\t\t\t<div class=\"elementor-widget-container\">\n\t\t\t\t\t<h4 class=\"elementor-heading-title elementor-size-default\">MESURES DE S\u00c9CURIT\u00c9.<\/h4>\t\t\t\t<\/div>\n\t\t\t\t<\/div>\n\t\t\t\t<div class=\"elementor-element elementor-element-3fc477f elementor-widget elementor-widget-text-editor\" data-id=\"3fc477f\" data-element_type=\"widget\" data-e-type=\"widget\" data-widget_type=\"text-editor.default\">\n\t\t\t\t<div class=\"elementor-widget-container\">\n\t\t\t\t\t\t\t\t\tSerralleria F. Franch, S.L. traitera les donn\u00e9es de l&rsquo;Utilisateur \u00e0 tout moment de mani\u00e8re absolument confidentielle et maintiendra le devoir obligatoire de confidentialit\u00e9 \u00e0 leur \u00e9gard, conform\u00e9ment aux dispositions de la r\u00e9glementation applicable, en adoptant les mesures techniques et organisationnelles n\u00e9cessaires pour garantir la s\u00e9curit\u00e9 de vos donn\u00e9es et emp\u00eacher leur alt\u00e9ration, perte, traitement ou acc\u00e8s non autoris\u00e9, en tenant compte de l&rsquo;\u00e9tat de la technologie, de la nature des donn\u00e9es stock\u00e9es et des risques auxquels elles sont expos\u00e9es.\t\t\t\t\t\t\t\t<\/div>\n\t\t\t\t<\/div>\n\t\t\t\t<div class=\"elementor-element elementor-element-0f73280 elementor-widget elementor-widget-spacer\" data-id=\"0f73280\" data-element_type=\"widget\" data-e-type=\"widget\" data-widget_type=\"spacer.default\">\n\t\t\t\t<div class=\"elementor-widget-container\">\n\t\t\t\t\t\t\t<div class=\"elementor-spacer\">\n\t\t\t<div class=\"elementor-spacer-inner\"><\/div>\n\t\t<\/div>\n\t\t\t\t\t\t<\/div>\n\t\t\t\t<\/div>\n\t\t\t\t\t<\/div>\n\t\t\t\t<\/div>\n\t\t\t\t<\/div>\n\t\t","protected":false},"excerpt":{"rendered":"<p>POLITIQUE DE CONFIDENTIALIT\u00c9 \u00c0 QUOI SERVIRA Serralleria F. Franch, S.L. LES DONN\u00c9ES PERSONNELLES DE L&rsquo;UTILISATEUR ET PENDANT COMBIEN DE TEMPS [&hellip;]<\/p>\n","protected":false},"author":1,"featured_media":0,"parent":0,"menu_order":0,"comment_status":"closed","ping_status":"closed","template":"","meta":{"om_disable_all_campaigns":false,"_monsterinsights_skip_tracking":false,"_monsterinsights_sitenote_active":false,"_monsterinsights_sitenote_note":"","_monsterinsights_sitenote_category":0,"_uf_show_specific_survey":0,"_uf_disable_surveys":false,"site-sidebar-layout":"no-sidebar","site-content-layout":"","ast-site-content-layout":"full-width-container","site-content-style":"default","site-sidebar-style":"default","ast-global-header-display":"","ast-banner-title-visibility":"","ast-main-header-display":"","ast-hfb-above-header-display":"","ast-hfb-below-header-display":"","ast-hfb-mobile-header-display":"","site-post-title":"disabled","ast-breadcrumbs-content":"","ast-featured-img":"","footer-sml-layout":"","theme-transparent-header-meta":"","adv-header-id-meta":"","stick-header-meta":"","header-above-stick-meta":"","header-main-stick-meta":"","header-below-stick-meta":"","astra-migrate-meta-layouts":"default","ast-page-background-enabled":"default","ast-page-background-meta":{"desktop":{"background-color":"var(--ast-global-color-4)","background-image":"","background-repeat":"repeat","background-position":"center center","background-size":"auto","background-attachment":"scroll","background-type":"","background-media":"","overlay-type":"","overlay-color":"","overlay-opacity":"","overlay-gradient":""},"tablet":{"background-color":"","background-image":"","background-repeat":"repeat","background-position":"center center","background-size":"auto","background-attachment":"scroll","background-type":"","background-media":"","overlay-type":"","overlay-color":"","overlay-opacity":"","overlay-gradient":""},"mobile":{"background-color":"","background-image":"","background-repeat":"repeat","background-position":"center center","background-size":"auto","background-attachment":"scroll","background-type":"","background-media":"","overlay-type":"","overlay-color":"","overlay-opacity":"","overlay-gradient":""}},"ast-content-background-meta":{"desktop":{"background-color":"var(--ast-global-color-5)","background-image":"","background-repeat":"repeat","background-position":"center center","background-size":"auto","background-attachment":"scroll","background-type":"","background-media":"","overlay-type":"","overlay-color":"","overlay-opacity":"","overlay-gradient":""},"tablet":{"background-color":"var(--ast-global-color-5)","background-image":"","background-repeat":"repeat","background-position":"center center","background-size":"auto","background-attachment":"scroll","background-type":"","background-media":"","overlay-type":"","overlay-color":"","overlay-opacity":"","overlay-gradient":""},"mobile":{"background-color":"var(--ast-global-color-5)","background-image":"","background-repeat":"repeat","background-position":"center center","background-size":"auto","background-attachment":"scroll","background-type":"","background-media":"","overlay-type":"","overlay-color":"","overlay-opacity":"","overlay-gradient":""}},"footnotes":""},"class_list":["post-4142","page","type-page","status-publish","hentry"],"aioseo_notices":[],"_links":{"self":[{"href":"https:\/\/ideaexponent.com\/fr\/wp-json\/wp\/v2\/pages\/4142","targetHints":{"allow":["GET"]}}],"collection":[{"href":"https:\/\/ideaexponent.com\/fr\/wp-json\/wp\/v2\/pages"}],"about":[{"href":"https:\/\/ideaexponent.com\/fr\/wp-json\/wp\/v2\/types\/page"}],"author":[{"embeddable":true,"href":"https:\/\/ideaexponent.com\/fr\/wp-json\/wp\/v2\/users\/1"}],"replies":[{"embeddable":true,"href":"https:\/\/ideaexponent.com\/fr\/wp-json\/wp\/v2\/comments?post=4142"}],"version-history":[{"count":1,"href":"https:\/\/ideaexponent.com\/fr\/wp-json\/wp\/v2\/pages\/4142\/revisions"}],"predecessor-version":[{"id":4143,"href":"https:\/\/ideaexponent.com\/fr\/wp-json\/wp\/v2\/pages\/4142\/revisions\/4143"}],"wp:attachment":[{"href":"https:\/\/ideaexponent.com\/fr\/wp-json\/wp\/v2\/media?parent=4142"}],"curies":[{"name":"wp","href":"https:\/\/api.w.org\/{rel}","templated":true}]}}