{"id":4140,"date":"2025-10-09T10:21:27","date_gmt":"2025-10-09T10:21:27","guid":{"rendered":"https:\/\/ideaexponent.onetechteam.com\/politique-de-cookies\/"},"modified":"2025-10-14T08:58:22","modified_gmt":"2025-10-14T08:58:22","slug":"politique-de-cookies","status":"publish","type":"page","link":"https:\/\/ideaexponent.com\/fr\/politique-de-cookies\/","title":{"rendered":"Politique de cookies"},"content":{"rendered":"\t\t<div data-elementor-type=\"wp-page\" data-elementor-id=\"4140\" class=\"elementor elementor-4140 elementor-3801\" data-elementor-post-type=\"page\">\n\t\t\t\t<div class=\"elementor-element elementor-element-3f56ac1 e-flex e-con-boxed e-con e-parent\" data-id=\"3f56ac1\" data-element_type=\"container\" data-e-type=\"container\" data-settings=\"{&quot;background_background&quot;:&quot;classic&quot;}\">\n\t\t\t\t\t<div class=\"e-con-inner\">\n\t\t\t\t<div class=\"elementor-element elementor-element-cbf0052 elementor-widget elementor-widget-spacer\" data-id=\"cbf0052\" data-element_type=\"widget\" data-e-type=\"widget\" data-widget_type=\"spacer.default\">\n\t\t\t\t<div class=\"elementor-widget-container\">\n\t\t\t\t\t\t\t<div class=\"elementor-spacer\">\n\t\t\t<div class=\"elementor-spacer-inner\"><\/div>\n\t\t<\/div>\n\t\t\t\t\t\t<\/div>\n\t\t\t\t<\/div>\n\t\t\t\t<div class=\"elementor-element elementor-element-06eb938 elementor-widget elementor-widget-heading\" data-id=\"06eb938\" data-element_type=\"widget\" data-e-type=\"widget\" data-widget_type=\"heading.default\">\n\t\t\t\t<div class=\"elementor-widget-container\">\n\t\t\t\t\t<h2 class=\"elementor-heading-title elementor-size-default\">POLITIQUE DE COOKIES<\/h2>\t\t\t\t<\/div>\n\t\t\t\t<\/div>\n\t\t\t\t<div class=\"elementor-element elementor-element-ac0a686 elementor-widget elementor-widget-spacer\" data-id=\"ac0a686\" data-element_type=\"widget\" data-e-type=\"widget\" data-widget_type=\"spacer.default\">\n\t\t\t\t<div class=\"elementor-widget-container\">\n\t\t\t\t\t\t\t<div class=\"elementor-spacer\">\n\t\t\t<div class=\"elementor-spacer-inner\"><\/div>\n\t\t<\/div>\n\t\t\t\t\t\t<\/div>\n\t\t\t\t<\/div>\n\t\t\t\t<div class=\"elementor-element elementor-element-4c42422 elementor-widget elementor-widget-text-editor\" data-id=\"4c42422\" data-element_type=\"widget\" data-e-type=\"widget\" data-widget_type=\"text-editor.default\">\n\t\t\t\t<div class=\"elementor-widget-container\">\n\t\t\t\t\t\t\t\t\tNotre site Web utilise une technologie appel\u00e9e cookie pour collecter des informations sur l&rsquo;utilisation du site Web, am\u00e9liorer l&rsquo;exp\u00e9rience utilisateur et garantir un bon fonctionnement.\t\t\t\t\t\t\t\t<\/div>\n\t\t\t\t<\/div>\n\t\t\t\t<div class=\"elementor-element elementor-element-a29baa2 elementor-widget elementor-widget-heading\" data-id=\"a29baa2\" data-element_type=\"widget\" data-e-type=\"widget\" data-widget_type=\"heading.default\">\n\t\t\t\t<div class=\"elementor-widget-container\">\n\t\t\t\t\t<h4 class=\"elementor-heading-title elementor-size-default\">D\u00c9FINITION DE COOKIE:<\/h4>\t\t\t\t<\/div>\n\t\t\t\t<\/div>\n\t\t\t\t<div class=\"elementor-element elementor-element-08c1b9a elementor-widget elementor-widget-text-editor\" data-id=\"08c1b9a\" data-element_type=\"widget\" data-e-type=\"widget\" data-widget_type=\"text-editor.default\">\n\t\t\t\t<div class=\"elementor-widget-container\">\n\t\t\t\t\t\t\t\t\t<p>Un cookie est un petit fichier texte que les sites web envoient au navigateur et stockent sur l&rsquo;appareil de l&rsquo;utilisateur (ordinateur ou appareil mobile). Ces fichiers sont destin\u00e9s \u00e0 stocker des donn\u00e9es qui peuvent \u00eatre mises \u00e0 jour et r\u00e9cup\u00e9r\u00e9es par l&rsquo;entit\u00e9 responsable de leur installation. Ainsi, chaque fois que l&rsquo;utilisateur visite \u00e0 nouveau le m\u00eame site web, le navigateur r\u00e9cup\u00e8re le fichier et l&rsquo;envoie au serveur du site. Les cookies ont plusieurs fonctions, notamment la collecte et la m\u00e9morisation d&rsquo;informations sur les pr\u00e9f\u00e9rences de l&rsquo;utilisateur et, plus g\u00e9n\u00e9ralement, la simplification de la navigation en rendant le site web plus utile gr\u00e2ce \u00e0 la personnalisation de son contenu.   <\/p>\t\t\t\t\t\t\t\t<\/div>\n\t\t\t\t<\/div>\n\t\t\t\t<div class=\"elementor-element elementor-element-4a47395 elementor-widget elementor-widget-heading\" data-id=\"4a47395\" data-element_type=\"widget\" data-e-type=\"widget\" data-widget_type=\"heading.default\">\n\t\t\t\t<div class=\"elementor-widget-container\">\n\t\t\t\t\t<h4 class=\"elementor-heading-title elementor-size-default\">LES COOKIES PEUVENT \u00caTRE CLASS\u00c9S EN FONCTION DE DIFF\u00c9RENTS PARAM\u00c8TRES :<\/h4>\t\t\t\t<\/div>\n\t\t\t\t<\/div>\n\t\t\t\t<div class=\"elementor-element elementor-element-2d20391 elementor-widget elementor-widget-text-editor\" data-id=\"2d20391\" data-element_type=\"widget\" data-e-type=\"widget\" data-widget_type=\"text-editor.default\">\n\t\t\t\t<div class=\"elementor-widget-container\">\n\t\t\t\t\t\t\t\t\t<p>Propri\u00e9t\u00e9 : cookies propri\u00e9taires et cookies tiers : selon l&rsquo;entit\u00e9 qui g\u00e8re le domaine \u00e0 partir duquel les cookies sont envoy\u00e9s et les donn\u00e9es obtenues sont trait\u00e9es.<\/p><p>Dur\u00e9e : Cookies de session et cookies persistants : selon la dur\u00e9e pendant laquelle ils restent stock\u00e9s sur l&rsquo;appareil de l&rsquo;utilisateur.<\/p><p>Finalit\u00e9 : cookies techniques, cookies de personnalisation, cookies d&rsquo;analyse, cookies publicitaires, cookies de publicit\u00e9 comportementale, en fonction de la finalit\u00e9 pour laquelle les donn\u00e9es obtenues sont trait\u00e9es.<\/p><p>Cookies techniques : Ces cookies permettent \u00e0 l&rsquo;utilisateur de naviguer sur le site web ou l&rsquo;application et d&rsquo;utiliser les diff\u00e9rentes options ou services disponibles. Par exemple, ils peuvent contr\u00f4ler le trafic et la communication de donn\u00e9es, identifier la session ou acc\u00e9der \u00e0 des zones restreintes du site web. <\/p><p>Cookies de personnalisation : Ces cookies permettent \u00e0 l&rsquo;utilisateur d&rsquo;acc\u00e9der au service avec certaines caract\u00e9ristiques g\u00e9n\u00e9rales pr\u00e9d\u00e9finies sur son appareil ou d\u00e9finies par lui-m\u00eame. Par exemple, la langue, le type de navigateur utilis\u00e9 pour acc\u00e9der au service ou le contenu s\u00e9lectionn\u00e9. <\/p><p>Cookies analytiques : Il s&rsquo;agit de cookies qui, trait\u00e9s par nous ou par des tiers, nous permettent de quantifier le nombre d&rsquo;utilisateurs et ainsi de r\u00e9aliser des analyses statistiques sur l&rsquo;utilisation du service propos\u00e9. Pour ce faire, nous analysons votre navigation sur notre site web afin d&rsquo;am\u00e9liorer les produits et services que nous proposons. <\/p><p>Cookies publicitarias: Son aquellas que permiten la gesti\u00f3n, de la forma m\u00e1s eficaz posible, de los espacios publicitarios que, en su caso, el editor haya incluido en una p\u00e1gina web, aplicaci\u00f3n o plataforma desde la que presta el servicio solicitado sobre la base de criterios, como el contenido editado o la frecuencia en la que se muestran los anuncios.<\/p><p>Cookies de publicit\u00e9 comportementale : Ces cookies permettent une gestion optimale des espaces publicitaires que l&rsquo;\u00e9diteur, le cas \u00e9ch\u00e9ant, a inclus sur un site web, une application ou une plateforme fournissant le service demand\u00e9. Ces cookies stockent des informations sur le comportement des utilisateurs, obtenues gr\u00e2ce \u00e0 un suivi continu de leurs habitudes de navigation, permettant ainsi de cr\u00e9er un profil sp\u00e9cifique pour afficher des publicit\u00e9s en fonction de ce comportement. <\/p>\t\t\t\t\t\t\t\t<\/div>\n\t\t\t\t<\/div>\n\t\t\t\t<div class=\"elementor-element elementor-element-7f26c64 elementor-widget elementor-widget-heading\" data-id=\"7f26c64\" data-element_type=\"widget\" data-e-type=\"widget\" data-widget_type=\"heading.default\">\n\t\t\t\t<div class=\"elementor-widget-container\">\n\t\t\t\t\t<h4 class=\"elementor-heading-title elementor-size-default\">PLUS SP\u00c9CIFIQUEMENT, LES COOKIES UTILIS\u00c9S SUR NOTRE SITE WEB SONT:<\/h4>\t\t\t\t<\/div>\n\t\t\t\t<\/div>\n\t\t\t\t<div class=\"elementor-element elementor-element-bf9f146 elementor-widget elementor-widget-text-editor\" data-id=\"bf9f146\" data-element_type=\"widget\" data-e-type=\"widget\" data-widget_type=\"text-editor.default\">\n\t\t\t\t<div class=\"elementor-widget-container\">\n\t\t\t\t\t\t\t\t\tCookies internes : Les cookies internes que nous utilisons sur notre site web sont des cookies techniques, essentiels \u00e0 son fonctionnement.<br>\n  <br>Cookies tiers : Pour obtenir plus d\u2019informations sur les cookies et\/ou les d\u00e9sactiver, vous pouvez cliquer sur les liens fournis par les diff\u00e9rents propri\u00e9taires.<br><br>Enfin, les cookies de plug-in sont \u00e9galement utilis\u00e9s pour partager du contenu sur les r\u00e9seaux sociaux.\n\t\t\t\t\t\t\t\t<\/div>\n\t\t\t\t<\/div>\n\t\t\t\t<div class=\"elementor-element elementor-element-efe00d6 elementor-widget elementor-widget-heading\" data-id=\"efe00d6\" data-element_type=\"widget\" data-e-type=\"widget\" data-widget_type=\"heading.default\">\n\t\t\t\t<div class=\"elementor-widget-container\">\n\t\t\t\t\t<h4 class=\"elementor-heading-title elementor-size-default\">CONSENTEMENT:<\/h4>\t\t\t\t<\/div>\n\t\t\t\t<\/div>\n\t\t\t\t<div class=\"elementor-element elementor-element-589c321 elementor-widget elementor-widget-text-editor\" data-id=\"589c321\" data-element_type=\"widget\" data-e-type=\"widget\" data-widget_type=\"text-editor.default\">\n\t\t\t\t<div class=\"elementor-widget-container\">\n\t\t\t\t\t\t\t\t\tEn naviguant sur notre site web, l&rsquo;utilisateur consent \u00e0 l&rsquo;utilisation des cookies susmentionn\u00e9s pendant les dur\u00e9es et conditions indiqu\u00e9es dans la pr\u00e9sente Politique relative aux cookies.\nNous vous informons \u00e9galement que si vous consultez du contenu de notre site web h\u00e9berg\u00e9 sur des sites web tiers, ces derniers disposent de leurs propres politiques relatives aux cookies.\t\t\t\t\t\t\t\t<\/div>\n\t\t\t\t<\/div>\n\t\t\t\t<div class=\"elementor-element elementor-element-c3fa75c elementor-widget elementor-widget-heading\" data-id=\"c3fa75c\" data-element_type=\"widget\" data-e-type=\"widget\" data-widget_type=\"heading.default\">\n\t\t\t\t<div class=\"elementor-widget-container\">\n\t\t\t\t\t<h4 class=\"elementor-heading-title elementor-size-default\">RETRAIT DU CONSENTEMENT :<\/h4>\t\t\t\t<\/div>\n\t\t\t\t<\/div>\n\t\t\t\t<div class=\"elementor-element elementor-element-294c174 elementor-widget elementor-widget-text-editor\" data-id=\"294c174\" data-element_type=\"widget\" data-e-type=\"widget\" data-widget_type=\"text-editor.default\">\n\t\t\t\t<div class=\"elementor-widget-container\">\n\t\t\t\t\t\t\t\t\tLes utilisateurs peuvent \u00e0 tout moment retirer leur consentement \u00e0 la pr\u00e9sente Politique relative aux cookies en supprimant les cookies stock\u00e9s sur leur appareil via les param\u00e8tres de leur navigateur Internet.<br>Modification des param\u00e8tres des cookies.<br>\nInternet Explorer: <a href=\"https:\/\/windows.microsoft.com\/es-xl\/internet-explorer\/delete-manage-cookies#ie=ie-11\" target=\"_blank\" rel=\"noopener\">https:\/\/windows.microsoft.com\/es-xl\/internet-explorer\/delete-manage-cookies#ie=ie-11<\/a><br>Chrome: <a href=\"https:\/\/support.google.com\/chrome\/answer\/95647?hl=es\" target=\"_blank\" rel=\"noopener\">https:\/\/support.google.com\/chrome\/answer\/95647?hl=es<\/a><br>Safari: <a href=\"http:\/\/www.apple.com\/legal\/privacy\/es\/cookies\/\" target=\"_blank\" rel=\"noopener\">http:\/\/www.apple.com\/legal\/privacy\/es\/cookies\/<\/a><br>Opera: <a href=\"http:\/\/help.opera.com\/Linux\/10.50\/en\/cookies.html\" target=\"_blank\" rel=\"noopener\">http:\/\/help.opera.com\/Linux\/10.50\/en\/cookies.html<\/a><br>Safari pour iOS (iPhone et iPad): <a href=\"http:\/\/help.opera.com\/Linux\/10.50\/en\/cookies.html\" target=\"_blank\" rel=\"noopener\">http:\/\/help.opera.com\/Linux\/10.50\/en\/cookies.html<\/a><br>Chrome pour Android: <a href=\"https\/\/:support.google.com\/chrome\/answer\/2392971?hl=es\" target=\"_blank\" rel=\"noopener\">https\/\/:support.google.com\/chrome\/answer\/2392971?hl=es<\/a><br>Windows Phone: <a href=\"http:\/\/www.windowsphone.com\/es-es\/how-to\/wp7\/web\/changing-privacy-and-other-browser-\" target=\"_blank\" rel=\"noopener\">http:\/\/www.windowsphone.com\/es-es\/how-to\/wp7\/web\/changing-privacy-and-other-browser-<\/a><br><br>\nPour plus d&rsquo;informations sur la suppression, la d\u00e9sactivation ou le blocage des cookies, vous pouvez \u00e9galement visiter:\n<a href=\"http:\/\/www.aboutcookies.org\/Default.aspx?page=2\" target=\"_blank\" rel=\"noopener\">http:\/\/www.aboutcookies.org\/Default.aspx?page=2<\/a>\t\t\t\t\t\t\t\t<\/div>\n\t\t\t\t<\/div>\n\t\t\t\t<div class=\"elementor-element elementor-element-b0d399d elementor-widget elementor-widget-heading\" data-id=\"b0d399d\" data-element_type=\"widget\" data-e-type=\"widget\" data-widget_type=\"heading.default\">\n\t\t\t\t<div class=\"elementor-widget-container\">\n\t\t\t\t\t<h4 class=\"elementor-heading-title elementor-size-default\">R\u00c9SEAUX SOCIAUX:<\/h4>\t\t\t\t<\/div>\n\t\t\t\t<\/div>\n\t\t\t\t<div class=\"elementor-element elementor-element-4b42f99 elementor-widget elementor-widget-text-editor\" data-id=\"4b42f99\" data-element_type=\"widget\" data-e-type=\"widget\" data-widget_type=\"text-editor.default\">\n\t\t\t\t<div class=\"elementor-widget-container\">\n\t\t\t\t\t\t\t\t\tLes profils de r\u00e9seaux sociaux g\u00e9r\u00e9s par Serralleria F. Franch, S.L. n&rsquo;impliquent aucun traitement de donn\u00e9es au-del\u00e0 de ce que le r\u00e9seau social autorise pour les profils d&rsquo;entreprise. Serralleria F. Franch, S.L. peut utiliser ces profils pour informer les utilisateurs de chaque r\u00e9seau social inscrit \u00e0 son profil de ses activit\u00e9s, \u00e9v\u00e9nements, s\u00e9minaires, offres, promotions ou nouveaut\u00e9s produits ou services, ainsi que pour partager des informations d&rsquo;int\u00e9r\u00eat sur les sujets d&rsquo;actualit\u00e9 de l&rsquo;entreprise. Serralleria F. Franch, S.L. n&rsquo;extraira aucune donn\u00e9e directement du r\u00e9seau social.  \t\t\t\t\t\t\t\t<\/div>\n\t\t\t\t<\/div>\n\t\t\t\t<div class=\"elementor-element elementor-element-a7b4877 elementor-widget elementor-widget-heading\" data-id=\"a7b4877\" data-element_type=\"widget\" data-e-type=\"widget\" data-widget_type=\"heading.default\">\n\t\t\t\t<div class=\"elementor-widget-container\">\n\t\t\t\t\t<h4 class=\"elementor-heading-title elementor-size-default\">MISE \u00c0 JOUR DE LA POLITIQUE EN MATI\u00c8RE DE COOKIES:<\/h4>\t\t\t\t<\/div>\n\t\t\t\t<\/div>\n\t\t\t\t<div class=\"elementor-element elementor-element-c10cd69 elementor-widget elementor-widget-text-editor\" data-id=\"c10cd69\" data-element_type=\"widget\" data-e-type=\"widget\" data-widget_type=\"text-editor.default\">\n\t\t\t\t<div class=\"elementor-widget-container\">\n\t\t\t\t\t\t\t\t\t\nCe site Web peut modifier cette politique en mati\u00e8re de cookies, nous vous recommandons donc de consulter cette politique chaque fois que vous acc\u00e9dez \u00e0 notre site Web pour \u00eatre correctement inform\u00e9 de notre utilisation des cookies.\t\t\t\t\t\t\t\t<\/div>\n\t\t\t\t<\/div>\n\t\t\t\t<div class=\"elementor-element elementor-element-0f73280 elementor-widget elementor-widget-spacer\" data-id=\"0f73280\" data-element_type=\"widget\" data-e-type=\"widget\" data-widget_type=\"spacer.default\">\n\t\t\t\t<div class=\"elementor-widget-container\">\n\t\t\t\t\t\t\t<div class=\"elementor-spacer\">\n\t\t\t<div class=\"elementor-spacer-inner\"><\/div>\n\t\t<\/div>\n\t\t\t\t\t\t<\/div>\n\t\t\t\t<\/div>\n\t\t\t\t\t<\/div>\n\t\t\t\t<\/div>\n\t\t\t\t<\/div>\n\t\t","protected":false},"excerpt":{"rendered":"<p>POLITIQUE DE COOKIES Notre site Web utilise une technologie appel\u00e9e cookie pour collecter des informations sur l&rsquo;utilisation du site Web, [&hellip;]<\/p>\n","protected":false},"author":1,"featured_media":0,"parent":0,"menu_order":0,"comment_status":"closed","ping_status":"closed","template":"","meta":{"om_disable_all_campaigns":false,"_monsterinsights_skip_tracking":false,"_monsterinsights_sitenote_active":false,"_monsterinsights_sitenote_note":"","_monsterinsights_sitenote_category":0,"_uf_show_specific_survey":0,"_uf_disable_surveys":false,"site-sidebar-layout":"no-sidebar","site-content-layout":"","ast-site-content-layout":"full-width-container","site-content-style":"default","site-sidebar-style":"default","ast-global-header-display":"","ast-banner-title-visibility":"","ast-main-header-display":"","ast-hfb-above-header-display":"","ast-hfb-below-header-display":"","ast-hfb-mobile-header-display":"","site-post-title":"disabled","ast-breadcrumbs-content":"","ast-featured-img":"","footer-sml-layout":"","theme-transparent-header-meta":"","adv-header-id-meta":"","stick-header-meta":"","header-above-stick-meta":"","header-main-stick-meta":"","header-below-stick-meta":"","astra-migrate-meta-layouts":"default","ast-page-background-enabled":"default","ast-page-background-meta":{"desktop":{"background-color":"var(--ast-global-color-4)","background-image":"","background-repeat":"repeat","background-position":"center center","background-size":"auto","background-attachment":"scroll","background-type":"","background-media":"","overlay-type":"","overlay-color":"","overlay-opacity":"","overlay-gradient":""},"tablet":{"background-color":"","background-image":"","background-repeat":"repeat","background-position":"center center","background-size":"auto","background-attachment":"scroll","background-type":"","background-media":"","overlay-type":"","overlay-color":"","overlay-opacity":"","overlay-gradient":""},"mobile":{"background-color":"","background-image":"","background-repeat":"repeat","background-position":"center center","background-size":"auto","background-attachment":"scroll","background-type":"","background-media":"","overlay-type":"","overlay-color":"","overlay-opacity":"","overlay-gradient":""}},"ast-content-background-meta":{"desktop":{"background-color":"var(--ast-global-color-5)","background-image":"","background-repeat":"repeat","background-position":"center center","background-size":"auto","background-attachment":"scroll","background-type":"","background-media":"","overlay-type":"","overlay-color":"","overlay-opacity":"","overlay-gradient":""},"tablet":{"background-color":"var(--ast-global-color-5)","background-image":"","background-repeat":"repeat","background-position":"center center","background-size":"auto","background-attachment":"scroll","background-type":"","background-media":"","overlay-type":"","overlay-color":"","overlay-opacity":"","overlay-gradient":""},"mobile":{"background-color":"var(--ast-global-color-5)","background-image":"","background-repeat":"repeat","background-position":"center center","background-size":"auto","background-attachment":"scroll","background-type":"","background-media":"","overlay-type":"","overlay-color":"","overlay-opacity":"","overlay-gradient":""}},"footnotes":""},"class_list":["post-4140","page","type-page","status-publish","hentry"],"aioseo_notices":[],"_links":{"self":[{"href":"https:\/\/ideaexponent.com\/fr\/wp-json\/wp\/v2\/pages\/4140","targetHints":{"allow":["GET"]}}],"collection":[{"href":"https:\/\/ideaexponent.com\/fr\/wp-json\/wp\/v2\/pages"}],"about":[{"href":"https:\/\/ideaexponent.com\/fr\/wp-json\/wp\/v2\/types\/page"}],"author":[{"embeddable":true,"href":"https:\/\/ideaexponent.com\/fr\/wp-json\/wp\/v2\/users\/1"}],"replies":[{"embeddable":true,"href":"https:\/\/ideaexponent.com\/fr\/wp-json\/wp\/v2\/comments?post=4140"}],"version-history":[{"count":1,"href":"https:\/\/ideaexponent.com\/fr\/wp-json\/wp\/v2\/pages\/4140\/revisions"}],"predecessor-version":[{"id":4141,"href":"https:\/\/ideaexponent.com\/fr\/wp-json\/wp\/v2\/pages\/4140\/revisions\/4141"}],"wp:attachment":[{"href":"https:\/\/ideaexponent.com\/fr\/wp-json\/wp\/v2\/media?parent=4140"}],"curies":[{"name":"wp","href":"https:\/\/api.w.org\/{rel}","templated":true}]}}