{"id":4138,"date":"2025-10-09T12:09:17","date_gmt":"2025-10-09T12:09:17","guid":{"rendered":"https:\/\/ideaexponent.onetechteam.com\/mentions-legales\/"},"modified":"2025-10-14T08:49:55","modified_gmt":"2025-10-14T08:49:55","slug":"mentions-legales","status":"publish","type":"page","link":"https:\/\/ideaexponent.com\/fr\/mentions-legales\/","title":{"rendered":"Mentions l\u00e9gales"},"content":{"rendered":"\t\t<div data-elementor-type=\"wp-page\" data-elementor-id=\"4138\" class=\"elementor elementor-4138 elementor-3832\" data-elementor-post-type=\"page\">\n\t\t\t\t<div class=\"elementor-element elementor-element-3f56ac1 e-flex e-con-boxed e-con e-parent\" data-id=\"3f56ac1\" data-element_type=\"container\" data-e-type=\"container\" data-settings=\"{&quot;background_background&quot;:&quot;classic&quot;}\">\n\t\t\t\t\t<div class=\"e-con-inner\">\n\t\t\t\t<div class=\"elementor-element elementor-element-cbf0052 elementor-widget elementor-widget-spacer\" data-id=\"cbf0052\" data-element_type=\"widget\" data-e-type=\"widget\" data-widget_type=\"spacer.default\">\n\t\t\t\t<div class=\"elementor-widget-container\">\n\t\t\t\t\t\t\t<div class=\"elementor-spacer\">\n\t\t\t<div class=\"elementor-spacer-inner\"><\/div>\n\t\t<\/div>\n\t\t\t\t\t\t<\/div>\n\t\t\t\t<\/div>\n\t\t\t\t<div class=\"elementor-element elementor-element-06eb938 elementor-widget elementor-widget-heading\" data-id=\"06eb938\" data-element_type=\"widget\" data-e-type=\"widget\" data-widget_type=\"heading.default\">\n\t\t\t\t<div class=\"elementor-widget-container\">\n\t\t\t\t\t<h2 class=\"elementor-heading-title elementor-size-default\">MENTIONS L\u00c9GALES<\/h2>\t\t\t\t<\/div>\n\t\t\t\t<\/div>\n\t\t\t\t<div class=\"elementor-element elementor-element-ac0a686 elementor-widget elementor-widget-spacer\" data-id=\"ac0a686\" data-element_type=\"widget\" data-e-type=\"widget\" data-widget_type=\"spacer.default\">\n\t\t\t\t<div class=\"elementor-widget-container\">\n\t\t\t\t\t\t\t<div class=\"elementor-spacer\">\n\t\t\t<div class=\"elementor-spacer-inner\"><\/div>\n\t\t<\/div>\n\t\t\t\t\t\t<\/div>\n\t\t\t\t<\/div>\n\t\t\t\t<div class=\"elementor-element elementor-element-4c42422 elementor-widget elementor-widget-text-editor\" data-id=\"4c42422\" data-element_type=\"widget\" data-e-type=\"widget\" data-widget_type=\"text-editor.default\">\n\t\t\t\t<div class=\"elementor-widget-container\">\n\t\t\t\t\t\t\t\t\tConform\u00e9ment \u00e0 la loi 34\/2002 sur les services de la soci\u00e9t\u00e9 de l&rsquo;information et du commerce \u00e9lectronique, nous vous informons que ce site Web appartient \u00e0 :<br><br>\nNom de l\u2019entreprise : Serralleria F. Franch, S.L. (ci-apr\u00e8s \u00ab LE PROPRI\u00c9TAIRE \u00bb)<br>NIF : B62441787<br>Adresse : Ctra. de Barcelona, \u200b\u200b\u200b\u200b184, 08187 Santa Eul\u00e0lia de Ron\u00e7ana (Barcelone)<br>T\u00e9l\u00e9phone : 938 448 010<br>E-mail : info@grupfranch.com \t\t\t\t\t\t\t\t<\/div>\n\t\t\t\t<\/div>\n\t\t\t\t<div class=\"elementor-element elementor-element-a29baa2 elementor-widget elementor-widget-heading\" data-id=\"a29baa2\" data-element_type=\"widget\" data-e-type=\"widget\" data-widget_type=\"heading.default\">\n\t\t\t\t<div class=\"elementor-widget-container\">\n\t\t\t\t\t<h4 class=\"elementor-heading-title elementor-size-default\">PROPRI\u00c9T\u00c9 INTELLECTUELLE ET INDUSTRIELLE :<\/h4>\t\t\t\t<\/div>\n\t\t\t\t<\/div>\n\t\t\t\t<div class=\"elementor-element elementor-element-08c1b9a elementor-widget elementor-widget-text-editor\" data-id=\"08c1b9a\" data-element_type=\"widget\" data-e-type=\"widget\" data-widget_type=\"text-editor.default\">\n\t\t\t\t<div class=\"elementor-widget-container\">\n\t\t\t\t\t\t\t\t\tLe contenu de ce site, y compris les textes, images et \u00e9l\u00e9ments graphiques, appartient au PROPRI\u00c9TAIRE ou \u00e0 des tiers ayant autoris\u00e9 leur utilisation. Le PROPRI\u00c9TAIRE pr\u00e9sente ce contenu \u00e0 des fins d&rsquo;information et de promotion. Il autorise son utilisation exclusivement \u00e0 ces fins. Toute utilisation de ces \u00e9l\u00e9ments, images ou textes doit faire l&rsquo;objet d&rsquo;une reconnaissance expresse de propri\u00e9t\u00e9 par le PROPRI\u00c9TAIRE, qui se r\u00e9serve le droit d&rsquo;engager toute action en justice appropri\u00e9e pour r\u00e9parer tout dommage caus\u00e9 par tout acte portant atteinte \u00e0 ses droits de propri\u00e9t\u00e9 intellectuelle ou industrielle.   \n\t\t\t\t\t\t\t\t<\/div>\n\t\t\t\t<\/div>\n\t\t\t\t<div class=\"elementor-element elementor-element-4a47395 elementor-widget elementor-widget-heading\" data-id=\"4a47395\" data-element_type=\"widget\" data-e-type=\"widget\" data-widget_type=\"heading.default\">\n\t\t\t\t<div class=\"elementor-widget-container\">\n\t\t\t\t\t<h4 class=\"elementor-heading-title elementor-size-default\">CLAUSE DE NON-RESPONSABILIT\u00c9:<\/h4>\t\t\t\t<\/div>\n\t\t\t\t<\/div>\n\t\t\t\t<div class=\"elementor-element elementor-element-2d20391 elementor-widget elementor-widget-text-editor\" data-id=\"2d20391\" data-element_type=\"widget\" data-e-type=\"widget\" data-widget_type=\"text-editor.default\">\n\t\t\t\t<div class=\"elementor-widget-container\">\n\t\t\t\t\t\t\t\t\tLe PROPRI\u00c9TAIRE met tout en \u0153uvre pour que les donn\u00e9es et informations publi\u00e9es sur son site web soient \u00e0 jour \u00e0 tout moment. Cependant, il ne garantit ni n&rsquo;assume aucune responsabilit\u00e9 quant \u00e0 l&rsquo;exactitude et \u00e0 l&rsquo;actualit\u00e9 du contenu du site. Il se r\u00e9serve le droit de modifier ce contenu \u00e0 tout moment. Il d\u00e9cline \u00e9galement toute responsabilit\u00e9 quant aux informations accessibles via les liens pr\u00e9sents sur le site. <br><br>\nLes relations commerciales avec les clients seront r\u00e9gies par les Conditions G\u00e9n\u00e9rales qui, le cas \u00e9ch\u00e9ant, sont \u00e9tablies par LE PROPRI\u00c9TAIRE dans un document sp\u00e9cifique \u00e0 cet effet ou par des accords sp\u00e9cifiques qui pourraient \u00eatre convenus avec les clients.\t\t\t\t\t\t\t\t<\/div>\n\t\t\t\t<\/div>\n\t\t\t\t<div class=\"elementor-element elementor-element-7f26c64 elementor-widget elementor-widget-heading\" data-id=\"7f26c64\" data-element_type=\"widget\" data-e-type=\"widget\" data-widget_type=\"heading.default\">\n\t\t\t\t<div class=\"elementor-widget-container\">\n\t\t\t\t\t<h4 class=\"elementor-heading-title elementor-size-default\">CONDITIONS D'UTILISATION :<\/h4>\t\t\t\t<\/div>\n\t\t\t\t<\/div>\n\t\t\t\t<div class=\"elementor-element elementor-element-e94c9ba elementor-widget elementor-widget-text-editor\" data-id=\"e94c9ba\" data-element_type=\"widget\" data-e-type=\"widget\" data-widget_type=\"text-editor.default\">\n\t\t\t\t<div class=\"elementor-widget-container\">\n\t\t\t\t\t\t\t\t\tL&rsquo;utilisation de ce site web implique l&rsquo;acceptation pleine et enti\u00e8re des termes des pr\u00e9sentes mentions l\u00e9gales. Tout litige relatif \u00e0 ce site web sera exclusivement r\u00e9gi par le droit espagnol. Tous les utilisateurs de ce site web, quelle que soit la juridiction territoriale depuis laquelle ils y acc\u00e8dent, s&rsquo;engagent \u00e0 respecter les pr\u00e9sentes clauses et \u00e0 renoncer express\u00e9ment \u00e0 tout autre droit applicable.  \t\t\t\t\t\t\t\t<\/div>\n\t\t\t\t<\/div>\n\t\t\t\t<div class=\"elementor-element elementor-element-0f73280 elementor-widget elementor-widget-spacer\" data-id=\"0f73280\" data-element_type=\"widget\" data-e-type=\"widget\" data-widget_type=\"spacer.default\">\n\t\t\t\t<div class=\"elementor-widget-container\">\n\t\t\t\t\t\t\t<div class=\"elementor-spacer\">\n\t\t\t<div class=\"elementor-spacer-inner\"><\/div>\n\t\t<\/div>\n\t\t\t\t\t\t<\/div>\n\t\t\t\t<\/div>\n\t\t\t\t\t<\/div>\n\t\t\t\t<\/div>\n\t\t\t\t<\/div>\n\t\t","protected":false},"excerpt":{"rendered":"<p>MENTIONS L\u00c9GALES Conform\u00e9ment \u00e0 la loi 34\/2002 sur les services de la soci\u00e9t\u00e9 de l&rsquo;information et du commerce \u00e9lectronique, nous [&hellip;]<\/p>\n","protected":false},"author":1,"featured_media":0,"parent":0,"menu_order":0,"comment_status":"closed","ping_status":"closed","template":"","meta":{"om_disable_all_campaigns":false,"_monsterinsights_skip_tracking":false,"_monsterinsights_sitenote_active":false,"_monsterinsights_sitenote_note":"","_monsterinsights_sitenote_category":0,"_uf_show_specific_survey":0,"_uf_disable_surveys":false,"site-sidebar-layout":"no-sidebar","site-content-layout":"","ast-site-content-layout":"full-width-container","site-content-style":"default","site-sidebar-style":"default","ast-global-header-display":"","ast-banner-title-visibility":"","ast-main-header-display":"","ast-hfb-above-header-display":"","ast-hfb-below-header-display":"","ast-hfb-mobile-header-display":"","site-post-title":"disabled","ast-breadcrumbs-content":"","ast-featured-img":"","footer-sml-layout":"","theme-transparent-header-meta":"","adv-header-id-meta":"","stick-header-meta":"","header-above-stick-meta":"","header-main-stick-meta":"","header-below-stick-meta":"","astra-migrate-meta-layouts":"default","ast-page-background-enabled":"default","ast-page-background-meta":{"desktop":{"background-color":"var(--ast-global-color-4)","background-image":"","background-repeat":"repeat","background-position":"center center","background-size":"auto","background-attachment":"scroll","background-type":"","background-media":"","overlay-type":"","overlay-color":"","overlay-opacity":"","overlay-gradient":""},"tablet":{"background-color":"","background-image":"","background-repeat":"repeat","background-position":"center center","background-size":"auto","background-attachment":"scroll","background-type":"","background-media":"","overlay-type":"","overlay-color":"","overlay-opacity":"","overlay-gradient":""},"mobile":{"background-color":"","background-image":"","background-repeat":"repeat","background-position":"center center","background-size":"auto","background-attachment":"scroll","background-type":"","background-media":"","overlay-type":"","overlay-color":"","overlay-opacity":"","overlay-gradient":""}},"ast-content-background-meta":{"desktop":{"background-color":"var(--ast-global-color-5)","background-image":"","background-repeat":"repeat","background-position":"center center","background-size":"auto","background-attachment":"scroll","background-type":"","background-media":"","overlay-type":"","overlay-color":"","overlay-opacity":"","overlay-gradient":""},"tablet":{"background-color":"var(--ast-global-color-5)","background-image":"","background-repeat":"repeat","background-position":"center center","background-size":"auto","background-attachment":"scroll","background-type":"","background-media":"","overlay-type":"","overlay-color":"","overlay-opacity":"","overlay-gradient":""},"mobile":{"background-color":"var(--ast-global-color-5)","background-image":"","background-repeat":"repeat","background-position":"center center","background-size":"auto","background-attachment":"scroll","background-type":"","background-media":"","overlay-type":"","overlay-color":"","overlay-opacity":"","overlay-gradient":""}},"footnotes":""},"class_list":["post-4138","page","type-page","status-publish","hentry"],"aioseo_notices":[],"_links":{"self":[{"href":"https:\/\/ideaexponent.com\/fr\/wp-json\/wp\/v2\/pages\/4138","targetHints":{"allow":["GET"]}}],"collection":[{"href":"https:\/\/ideaexponent.com\/fr\/wp-json\/wp\/v2\/pages"}],"about":[{"href":"https:\/\/ideaexponent.com\/fr\/wp-json\/wp\/v2\/types\/page"}],"author":[{"embeddable":true,"href":"https:\/\/ideaexponent.com\/fr\/wp-json\/wp\/v2\/users\/1"}],"replies":[{"embeddable":true,"href":"https:\/\/ideaexponent.com\/fr\/wp-json\/wp\/v2\/comments?post=4138"}],"version-history":[{"count":1,"href":"https:\/\/ideaexponent.com\/fr\/wp-json\/wp\/v2\/pages\/4138\/revisions"}],"predecessor-version":[{"id":4139,"href":"https:\/\/ideaexponent.com\/fr\/wp-json\/wp\/v2\/pages\/4138\/revisions\/4139"}],"wp:attachment":[{"href":"https:\/\/ideaexponent.com\/fr\/wp-json\/wp\/v2\/media?parent=4138"}],"curies":[{"name":"wp","href":"https:\/\/api.w.org\/{rel}","templated":true}]}}