{"id":3958,"date":"2025-10-09T10:21:27","date_gmt":"2025-10-09T10:21:27","guid":{"rendered":"https:\/\/ideaexponent.onetechteam.com\/politica-de-cookies\/"},"modified":"2025-10-10T12:26:17","modified_gmt":"2025-10-10T12:26:17","slug":"politica-cookies","status":"publish","type":"page","link":"https:\/\/ideaexponent.com\/ca\/politica-cookies\/","title":{"rendered":"Pol\u00edtica de Cookies"},"content":{"rendered":"\t\t<div data-elementor-type=\"wp-page\" data-elementor-id=\"3958\" class=\"elementor elementor-3958 elementor-3801\" data-elementor-post-type=\"page\">\n\t\t\t\t<div class=\"elementor-element elementor-element-3f56ac1 e-flex e-con-boxed e-con e-parent\" data-id=\"3f56ac1\" data-element_type=\"container\" data-e-type=\"container\" data-settings=\"{&quot;background_background&quot;:&quot;classic&quot;}\">\n\t\t\t\t\t<div class=\"e-con-inner\">\n\t\t\t\t<div class=\"elementor-element elementor-element-cbf0052 elementor-widget elementor-widget-spacer\" data-id=\"cbf0052\" data-element_type=\"widget\" data-e-type=\"widget\" data-widget_type=\"spacer.default\">\n\t\t\t\t<div class=\"elementor-widget-container\">\n\t\t\t\t\t\t\t<div class=\"elementor-spacer\">\n\t\t\t<div class=\"elementor-spacer-inner\"><\/div>\n\t\t<\/div>\n\t\t\t\t\t\t<\/div>\n\t\t\t\t<\/div>\n\t\t\t\t<div class=\"elementor-element elementor-element-06eb938 elementor-widget elementor-widget-heading\" data-id=\"06eb938\" data-element_type=\"widget\" data-e-type=\"widget\" data-widget_type=\"heading.default\">\n\t\t\t\t<div class=\"elementor-widget-container\">\n\t\t\t\t\t<h2 class=\"elementor-heading-title elementor-size-default\">POL\u00cdTICA DE COOKIES<\/h2>\t\t\t\t<\/div>\n\t\t\t\t<\/div>\n\t\t\t\t<div class=\"elementor-element elementor-element-ac0a686 elementor-widget elementor-widget-spacer\" data-id=\"ac0a686\" data-element_type=\"widget\" data-e-type=\"widget\" data-widget_type=\"spacer.default\">\n\t\t\t\t<div class=\"elementor-widget-container\">\n\t\t\t\t\t\t\t<div class=\"elementor-spacer\">\n\t\t\t<div class=\"elementor-spacer-inner\"><\/div>\n\t\t<\/div>\n\t\t\t\t\t\t<\/div>\n\t\t\t\t<\/div>\n\t\t\t\t<div class=\"elementor-element elementor-element-4c42422 elementor-widget elementor-widget-text-editor\" data-id=\"4c42422\" data-element_type=\"widget\" data-e-type=\"widget\" data-widget_type=\"text-editor.default\">\n\t\t\t\t<div class=\"elementor-widget-container\">\n\t\t\t\t\t\t\t\t\tEl nostre lloc web utilitza una tecnologia anomenada &#8216;cookie&#8217;, per tal de poder obtenir informaci\u00f3 sobre l&#8217;\u00fas del lloc web, millorar l&#8217;experi\u00e8ncia de l&#8217;usuari i garantir-ne el funcionament correcte.\t\t\t\t\t\t\t\t<\/div>\n\t\t\t\t<\/div>\n\t\t\t\t<div class=\"elementor-element elementor-element-a29baa2 elementor-widget elementor-widget-heading\" data-id=\"a29baa2\" data-element_type=\"widget\" data-e-type=\"widget\" data-widget_type=\"heading.default\">\n\t\t\t\t<div class=\"elementor-widget-container\">\n\t\t\t\t\t<h4 class=\"elementor-heading-title elementor-size-default\">DEFINICI\u00d3 DE COOKIE:<\/h4>\t\t\t\t<\/div>\n\t\t\t\t<\/div>\n\t\t\t\t<div class=\"elementor-element elementor-element-08c1b9a elementor-widget elementor-widget-text-editor\" data-id=\"08c1b9a\" data-element_type=\"widget\" data-e-type=\"widget\" data-widget_type=\"text-editor.default\">\n\t\t\t\t<div class=\"elementor-widget-container\">\n\t\t\t\t\t\t\t\t\t<p>Una &#8216;cookie&#8217; \u00e9s un petit fragment de text que els llocs web envien al navegador i que s&#8217;emmagatzemen al terminal de l&#8217;usuari (ordinador o dispositiu m\u00f2bil). Aquests fitxers tenen la finalitat d&#8217;emmagatzemar dades que podran ser actualitzades i recuperades per l&#8217;entitat responsable de la instal\u00b7laci\u00f3. Aix\u00ed, cada cop que l&#8217;usuari torna a visitar el mateix lloc web, l&#8217;explorador recupera el fitxer i l&#8217;envia al servidor del lloc web. Les galetes tenen diverses funcions entre les quals s&#8217;inclouen la recopilaci\u00f3 d&#8217;informaci\u00f3 sobre les prefer\u00e8ncies de l&#8217;usuari i recordar-la, i en general, facilitar l&#8217;\u00fas del lloc web a l&#8217;usuari fent que el lloc sigui m\u00e9s \u00fatil en personalitzar-ne el contingut.   <\/p>\t\t\t\t\t\t\t\t<\/div>\n\t\t\t\t<\/div>\n\t\t\t\t<div class=\"elementor-element elementor-element-4a47395 elementor-widget elementor-widget-heading\" data-id=\"4a47395\" data-element_type=\"widget\" data-e-type=\"widget\" data-widget_type=\"heading.default\">\n\t\t\t\t<div class=\"elementor-widget-container\">\n\t\t\t\t\t<h4 class=\"elementor-heading-title elementor-size-default\">LES COOKIES ES PODEN CLASSIFICAR EN BASE A DIFERENTS PAR\u00c0METRES:<\/h4>\t\t\t\t<\/div>\n\t\t\t\t<\/div>\n\t\t\t\t<div class=\"elementor-element elementor-element-2d20391 elementor-widget elementor-widget-text-editor\" data-id=\"2d20391\" data-element_type=\"widget\" data-e-type=\"widget\" data-widget_type=\"text-editor.default\">\n\t\t\t\t<div class=\"elementor-widget-container\">\n\t\t\t\t\t\t\t\t\t<p>Titularitat: galetes pr\u00f2pies i galetes de tercers: depenent de quina sigui l&#8217;entitat que gestioni el domini des d&#8217;on s&#8217;envien les galetes i es tractin les dades que s&#8217;obtinguin.<\/p><p>Durada: galetes de sessi\u00f3 i galetes persistents: d&#8217;acord amb el termini de temps que romanen emmagatzemades al terminal de l&#8217;usuari.<\/p><p>Finalitat: galetes t\u00e8cniques, galetes de personalitzaci\u00f3, galetes d&#8217;an\u00e0lisi, galetes publicit\u00e0ries, galetes de publicitat comportamental, d&#8217;acord amb la finalitat per a la qual es tractin les dades obtingudes.<\/p><p>Cookies t\u00e8cniques: S\u00f3n aquelles que permeten a l&#8217;usuari la navegaci\u00f3 a trav\u00e9s de la p\u00e0gina web o aplicaci\u00f3 i la utilitzaci\u00f3 de les diferents opcions o serveis que hi existeixen. Per exemple, controlar el tr\u00e0nsit i la comunicaci\u00f3 de dades, identificar la sessi\u00f3 o accedir a les parts web dacc\u00e9s restringit. <\/p><p>Cookies de personalitzaci\u00f3: S\u00f3n aquelles que permeten a l&#8217;usuari accedir al servei amb algunes caracter\u00edstiques de car\u00e0cter general predefinides al seu terminal o que el mateix usuari defineixi. Per exemple, l&#8217;idioma, el tipus de navegador a trav\u00e9s del qual accediu al servei o el disseny de continguts seleccionat. <\/p><p>Cookies d&#8217;an\u00e0lisi: S\u00f3n aquelles que, o b\u00e9 tractades per nosaltres o per tercers, ens permeten quantificar el nombre d&#8217;usuaris i aix\u00ed fer l&#8217;an\u00e0lisi estad\u00edstica de la utilitzaci\u00f3 que fan els usuaris del servei ofert. Per aix\u00f2, s&#8217;analitza la vostra navegaci\u00f3 a la nostra p\u00e0gina web per millorar l&#8217;oferta de productes o serveis que us oferim. <\/p><p>Cookies publicit\u00e0ries: S\u00f3n aquelles que permeten la gesti\u00f3, de la manera m\u00e9s efica\u00e7 possible, dels espais publicitaris que, si escau, l&#8217;editor hagi incl\u00f2s en una p\u00e0gina web, aplicaci\u00f3 o plataforma des de la qual presta el servei sol\u00b7licitat sobre la base de criteris, com ara el contingut editat o la freq\u00fc\u00e8ncia en qu\u00e8 es mostren els anuncis.<\/p><p>Cookies de publicitat comportamental: S\u00f3n aquelles que permeten la gesti\u00f3, de la manera m\u00e9s efica\u00e7 possible, dels espais publicitaris que, si escau, l&#8217;editor hagi incl\u00f2s en una p\u00e0gina web, aplicaci\u00f3 o plataforma des de la qual presta el servei sol\u00b7licitat. Aquestes cookies emmagatzemen informaci\u00f3 del comportament dels usuaris obtinguda a trav\u00e9s de l&#8217;observaci\u00f3 continuada dels seus h\u00e0bits de navegaci\u00f3, cosa que permet desenvolupar un perfil espec\u00edfic per mostrar publicitat en funci\u00f3 del mateix. <\/p>\t\t\t\t\t\t\t\t<\/div>\n\t\t\t\t<\/div>\n\t\t\t\t<div class=\"elementor-element elementor-element-00319fb elementor-widget elementor-widget-heading\" data-id=\"00319fb\" data-element_type=\"widget\" data-e-type=\"widget\" data-widget_type=\"heading.default\">\n\t\t\t\t<div class=\"elementor-widget-container\">\n\t\t\t\t\t<h4 class=\"elementor-heading-title elementor-size-default\">COOKIES UTILITZADES AL NOSTRE LLOC WEB:<\/h4>\t\t\t\t<\/div>\n\t\t\t\t<\/div>\n\t\t\t\t<div class=\"elementor-element elementor-element-33ca2de elementor-widget elementor-widget-text-editor\" data-id=\"33ca2de\" data-element_type=\"widget\" data-e-type=\"widget\" data-widget_type=\"text-editor.default\">\n\t\t\t\t<div class=\"elementor-widget-container\">\n\t\t\t\t\t\t\t\t\t<p>El nostre lloc web utilitza tant cookies pr\u00f2pies, que s\u00f3n les enviades al dispositiu i gestionades exclusivament per nosaltres per al millor funcionament del lloc web, com a cookies de tercers, amb la funci\u00f3 de servir-nos com a eina d&#8217;an\u00e0lisi de la interacci\u00f3 dels usuaris amb la nostra web. Gr\u00e0cies a elles obtenim una informaci\u00f3 que pot ajudar a millorar la navegaci\u00f3 i donar un millor servei als usuaris.<br>Utilitzem tant cookies temporals de sessi\u00f3 com galetes persistents. Les galetes de sessi\u00f3 nom\u00e9s emmagatzemen dades mentre l&#8217;usuari accedeix a la web, i les cookies persistents emmagatzemen les dades al terminal perqu\u00e8 siguin accedides i utilitzades en m\u00e9s d&#8217;una sessi\u00f3.  <\/p>\t\t\t\t\t\t\t\t<\/div>\n\t\t\t\t<\/div>\n\t\t\t\t<div class=\"elementor-element elementor-element-7f26c64 elementor-widget elementor-widget-heading\" data-id=\"7f26c64\" data-element_type=\"widget\" data-e-type=\"widget\" data-widget_type=\"heading.default\">\n\t\t\t\t<div class=\"elementor-widget-container\">\n\t\t\t\t\t<h4 class=\"elementor-heading-title elementor-size-default\">CONCRETAMENT LES COOKIES UTILITZADES AL NOSTRE LLOC WEB S\u00d3N:<\/h4>\t\t\t\t<\/div>\n\t\t\t\t<\/div>\n\t\t\t\t<div class=\"elementor-element elementor-element-bf9f146 elementor-widget elementor-widget-text-editor\" data-id=\"bf9f146\" data-element_type=\"widget\" data-e-type=\"widget\" data-widget_type=\"text-editor.default\">\n\t\t\t\t<div class=\"elementor-widget-container\">\n\t\t\t\t\t\t\t\t\tCookies pr\u00f2pies: Les cookies pr\u00f2pies que utilitzem al nostre lloc web s\u00f3n de car\u00e0cter t\u00e8cnic, fonamentals per al funcionament de la web.\nCookies de tercers:Per obtenir m\u00e9s informaci\u00f3 sobre les cookies i\/o per a la seva desactivaci\u00f3 podeu clicar sobre els enlla\u00e7os que hi ha en el nom dels diferents titulars.\nFinalment, tamb\u00e9 s\u2019utilitzen cookies de complement (plug-in) per intercanviar continguts socials.\n\t\t\t\t\t\t\t\t<\/div>\n\t\t\t\t<\/div>\n\t\t\t\t<div class=\"elementor-element elementor-element-efe00d6 elementor-widget elementor-widget-heading\" data-id=\"efe00d6\" data-element_type=\"widget\" data-e-type=\"widget\" data-widget_type=\"heading.default\">\n\t\t\t\t<div class=\"elementor-widget-container\">\n\t\t\t\t\t<h4 class=\"elementor-heading-title elementor-size-default\">CONSENTIMENT:<\/h4>\t\t\t\t<\/div>\n\t\t\t\t<\/div>\n\t\t\t\t<div class=\"elementor-element elementor-element-589c321 elementor-widget elementor-widget-text-editor\" data-id=\"589c321\" data-element_type=\"widget\" data-e-type=\"widget\" data-widget_type=\"text-editor.default\">\n\t\t\t\t<div class=\"elementor-widget-container\">\n\t\t\t\t\t\t\t\t\tAl navegar i continuar al nostre lloc web l&#8217;usuari estar\u00e0 consentint l&#8217;\u00fas de les cookies abans enunciades, pels terminis assenyalats i en les condicions contingudes a la present Pol\u00edtica sobre Cookies.\nAix\u00ed mateix, els informem que si consulta continguts a la nostra web allotjats en webs de tercers, aquests tenen la seva pr\u00f2pia pol\u00edtica de cookies.\t\t\t\t\t\t\t\t<\/div>\n\t\t\t\t<\/div>\n\t\t\t\t<div class=\"elementor-element elementor-element-c3fa75c elementor-widget elementor-widget-heading\" data-id=\"c3fa75c\" data-element_type=\"widget\" data-e-type=\"widget\" data-widget_type=\"heading.default\">\n\t\t\t\t<div class=\"elementor-widget-container\">\n\t\t\t\t\t<h4 class=\"elementor-heading-title elementor-size-default\">RETIRADA DEL CONSENTIMENT:<\/h4>\t\t\t\t<\/div>\n\t\t\t\t<\/div>\n\t\t\t\t<div class=\"elementor-element elementor-element-294c174 elementor-widget elementor-widget-text-editor\" data-id=\"294c174\" data-element_type=\"widget\" data-e-type=\"widget\" data-widget_type=\"text-editor.default\">\n\t\t\t\t<div class=\"elementor-widget-container\">\n\t\t\t\t\t\t\t\t\tL&#8217;usuari podr\u00e0 retirar en qualsevol moment el seu consentiment relacionat amb aquesta Pol\u00edtica sobre Cookies, per a aix\u00f2 haur\u00e0 d&#8217;eliminar les cookies emmagatzemades al vostre equip utilitzant els ajustaments i configuracions del vostre navegador d&#8217;internet.<br>Modificaci\u00f3 de la configuraci\u00f3 de les cookies.<br>\nInternet Explorer: <a href=\"https:\/\/windows.microsoft.com\/es-xl\/internet-explorer\/delete-manage-cookies#ie=ie-11\" target=\"_blank\" rel=\"noopener\">https:\/\/windows.microsoft.com\/es-xl\/internet-explorer\/delete-manage-cookies#ie=ie-11<\/a><br>Chrome: <a href=\"https:\/\/support.google.com\/chrome\/answer\/95647?hl=es\" target=\"_blank\" rel=\"noopener\">https:\/\/support.google.com\/chrome\/answer\/95647?hl=es<\/a><br>Safari: <a href=\"http:\/\/www.apple.com\/legal\/privacy\/es\/cookies\/\" target=\"_blank\" rel=\"noopener\">http:\/\/www.apple.com\/legal\/privacy\/es\/cookies\/<\/a><br>Opera: <a href=\"http:\/\/help.opera.com\/Linux\/10.50\/en\/cookies.html\" target=\"_blank\" rel=\"noopener\">http:\/\/help.opera.com\/Linux\/10.50\/en\/cookies.html<\/a><br>Safari per iOS (dispositiu iPhone i iPad): <a href=\"http:\/\/help.opera.com\/Linux\/10.50\/en\/cookies.html\" target=\"_blank\" rel=\"noopener\">http:\/\/help.opera.com\/Linux\/10.50\/en\/cookies.html<\/a><br>Chrome per Android: <a href=\"https\/\/:support.google.com\/chrome\/answer\/2392971?hl=es\" target=\"_blank\" rel=\"noopener\">https\/\/:support.google.com\/chrome\/answer\/2392971?hl=es<\/a><br>Windows Phone: <a href=\"http:\/\/www.windowsphone.com\/es-es\/how-to\/wp7\/web\/changing-privacy-and-other-browser-\" target=\"_blank\" rel=\"noopener\">http:\/\/www.windowsphone.com\/es-es\/how-to\/wp7\/web\/changing-privacy-and-other-browser-<\/a><br><br>\nPer obtenir m\u00e9s informaci\u00f3 sobre l&#8217;eliminaci\u00f3, deshabilitaci\u00f3 o bloqueig de les galetes tamb\u00e9 podeu visitar:\n<a href=\"http:\/\/www.aboutcookies.org\/Default.aspx?page=2\" target=\"_blank\" rel=\"noopener\">http:\/\/www.aboutcookies.org\/Default.aspx?page=2<\/a>\t\t\t\t\t\t\t\t<\/div>\n\t\t\t\t<\/div>\n\t\t\t\t<div class=\"elementor-element elementor-element-b0d399d elementor-widget elementor-widget-heading\" data-id=\"b0d399d\" data-element_type=\"widget\" data-e-type=\"widget\" data-widget_type=\"heading.default\">\n\t\t\t\t<div class=\"elementor-widget-container\">\n\t\t\t\t\t<h4 class=\"elementor-heading-title elementor-size-default\">XARXES SOCIALS:<\/h4>\t\t\t\t<\/div>\n\t\t\t\t<\/div>\n\t\t\t\t<div class=\"elementor-element elementor-element-4b42f99 elementor-widget elementor-widget-text-editor\" data-id=\"4b42f99\" data-element_type=\"widget\" data-e-type=\"widget\" data-widget_type=\"text-editor.default\">\n\t\t\t\t<div class=\"elementor-widget-container\">\n\t\t\t\t\t\t\t\t\tEls perfils en xarxes socials amb qu\u00e8 compti Serralleria F. Franch, S.L. no suposaran un tractament de dades m\u00e9s enll\u00e0 del que la pr\u00f2pia xarxa social permeti per a perfils corporatius. Serralleria F. Franch, S.L. podr\u00e0 utilitzar aquests perfils per informar els usuaris de cada xarxa social subscrits al perfil de l&#8217;empresa sobre les seves activitats, esdeveniments, seminaris ofertes, promocions o novetats als seus productes o serveis, aix\u00ed com compartir informaci\u00f3 d&#8217;inter\u00e8s sobre les tem\u00e0tiques habituals de l&#8217;empresa. Serralleria F. Franch, S.L. no extraur\u00e0 cap dada directament de la xarxa social.  \t\t\t\t\t\t\t\t<\/div>\n\t\t\t\t<\/div>\n\t\t\t\t<div class=\"elementor-element elementor-element-a7b4877 elementor-widget elementor-widget-heading\" data-id=\"a7b4877\" data-element_type=\"widget\" data-e-type=\"widget\" data-widget_type=\"heading.default\">\n\t\t\t\t<div class=\"elementor-widget-container\">\n\t\t\t\t\t<h4 class=\"elementor-heading-title elementor-size-default\">ACTUALITZACI\u00d3 DE LA POL\u00cdTICA DE COOKIES:<\/h4>\t\t\t\t<\/div>\n\t\t\t\t<\/div>\n\t\t\t\t<div class=\"elementor-element elementor-element-c10cd69 elementor-widget elementor-widget-text-editor\" data-id=\"c10cd69\" data-element_type=\"widget\" data-e-type=\"widget\" data-widget_type=\"text-editor.default\">\n\t\t\t\t<div class=\"elementor-widget-container\">\n\t\t\t\t\t\t\t\t\t\nAquest lloc web pot modificar aquesta Pol\u00edtica sobre Cookies, per aix\u00f2 us recomanem revisar aquesta pol\u00edtica cada vegada que accediu al nostre lloc web, per estar adequadament informat sobre l&#8217;\u00fas que fem de les cookies.\t\t\t\t\t\t\t\t<\/div>\n\t\t\t\t<\/div>\n\t\t\t\t<div class=\"elementor-element elementor-element-0f73280 elementor-widget elementor-widget-spacer\" data-id=\"0f73280\" data-element_type=\"widget\" data-e-type=\"widget\" data-widget_type=\"spacer.default\">\n\t\t\t\t<div class=\"elementor-widget-container\">\n\t\t\t\t\t\t\t<div class=\"elementor-spacer\">\n\t\t\t<div class=\"elementor-spacer-inner\"><\/div>\n\t\t<\/div>\n\t\t\t\t\t\t<\/div>\n\t\t\t\t<\/div>\n\t\t\t\t\t<\/div>\n\t\t\t\t<\/div>\n\t\t\t\t<\/div>\n\t\t","protected":false},"excerpt":{"rendered":"<p>POL\u00cdTICA DE COOKIES El nostre lloc web utilitza una tecnologia anomenada &#8216;cookie&#8217;, per tal de poder obtenir informaci\u00f3 sobre l&#8217;\u00fas [&hellip;]<\/p>\n","protected":false},"author":1,"featured_media":0,"parent":0,"menu_order":0,"comment_status":"closed","ping_status":"closed","template":"","meta":{"om_disable_all_campaigns":false,"_monsterinsights_skip_tracking":false,"_monsterinsights_sitenote_active":false,"_monsterinsights_sitenote_note":"","_monsterinsights_sitenote_category":0,"_uf_show_specific_survey":0,"_uf_disable_surveys":false,"site-sidebar-layout":"no-sidebar","site-content-layout":"","ast-site-content-layout":"full-width-container","site-content-style":"default","site-sidebar-style":"default","ast-global-header-display":"","ast-banner-title-visibility":"","ast-main-header-display":"","ast-hfb-above-header-display":"","ast-hfb-below-header-display":"","ast-hfb-mobile-header-display":"","site-post-title":"disabled","ast-breadcrumbs-content":"","ast-featured-img":"","footer-sml-layout":"","theme-transparent-header-meta":"","adv-header-id-meta":"","stick-header-meta":"","header-above-stick-meta":"","header-main-stick-meta":"","header-below-stick-meta":"","astra-migrate-meta-layouts":"default","ast-page-background-enabled":"default","ast-page-background-meta":{"desktop":{"background-color":"var(--ast-global-color-4)","background-image":"","background-repeat":"repeat","background-position":"center center","background-size":"auto","background-attachment":"scroll","background-type":"","background-media":"","overlay-type":"","overlay-color":"","overlay-opacity":"","overlay-gradient":""},"tablet":{"background-color":"","background-image":"","background-repeat":"repeat","background-position":"center center","background-size":"auto","background-attachment":"scroll","background-type":"","background-media":"","overlay-type":"","overlay-color":"","overlay-opacity":"","overlay-gradient":""},"mobile":{"background-color":"","background-image":"","background-repeat":"repeat","background-position":"center center","background-size":"auto","background-attachment":"scroll","background-type":"","background-media":"","overlay-type":"","overlay-color":"","overlay-opacity":"","overlay-gradient":""}},"ast-content-background-meta":{"desktop":{"background-color":"var(--ast-global-color-5)","background-image":"","background-repeat":"repeat","background-position":"center center","background-size":"auto","background-attachment":"scroll","background-type":"","background-media":"","overlay-type":"","overlay-color":"","overlay-opacity":"","overlay-gradient":""},"tablet":{"background-color":"var(--ast-global-color-5)","background-image":"","background-repeat":"repeat","background-position":"center center","background-size":"auto","background-attachment":"scroll","background-type":"","background-media":"","overlay-type":"","overlay-color":"","overlay-opacity":"","overlay-gradient":""},"mobile":{"background-color":"var(--ast-global-color-5)","background-image":"","background-repeat":"repeat","background-position":"center center","background-size":"auto","background-attachment":"scroll","background-type":"","background-media":"","overlay-type":"","overlay-color":"","overlay-opacity":"","overlay-gradient":""}},"footnotes":""},"class_list":["post-3958","page","type-page","status-publish","hentry"],"aioseo_notices":[],"_links":{"self":[{"href":"https:\/\/ideaexponent.com\/ca\/wp-json\/wp\/v2\/pages\/3958","targetHints":{"allow":["GET"]}}],"collection":[{"href":"https:\/\/ideaexponent.com\/ca\/wp-json\/wp\/v2\/pages"}],"about":[{"href":"https:\/\/ideaexponent.com\/ca\/wp-json\/wp\/v2\/types\/page"}],"author":[{"embeddable":true,"href":"https:\/\/ideaexponent.com\/ca\/wp-json\/wp\/v2\/users\/1"}],"replies":[{"embeddable":true,"href":"https:\/\/ideaexponent.com\/ca\/wp-json\/wp\/v2\/comments?post=3958"}],"version-history":[{"count":7,"href":"https:\/\/ideaexponent.com\/ca\/wp-json\/wp\/v2\/pages\/3958\/revisions"}],"predecessor-version":[{"id":3972,"href":"https:\/\/ideaexponent.com\/ca\/wp-json\/wp\/v2\/pages\/3958\/revisions\/3972"}],"wp:attachment":[{"href":"https:\/\/ideaexponent.com\/ca\/wp-json\/wp\/v2\/media?parent=3958"}],"curies":[{"name":"wp","href":"https:\/\/api.w.org\/{rel}","templated":true}]}}