{"id":3901,"date":"2025-10-09T12:52:47","date_gmt":"2025-10-09T12:52:47","guid":{"rendered":"https:\/\/ideaexponent.onetechteam.com\/politica-de-privacitat\/"},"modified":"2025-10-09T14:40:27","modified_gmt":"2025-10-09T14:40:27","slug":"politica-de-privacitat","status":"publish","type":"page","link":"https:\/\/ideaexponent.com\/ca\/politica-de-privacitat\/","title":{"rendered":"Pol\u00edtica de Privacitat"},"content":{"rendered":"\t\t<div data-elementor-type=\"wp-page\" data-elementor-id=\"3901\" class=\"elementor elementor-3901 elementor-3847\" data-elementor-post-type=\"page\">\n\t\t\t\t<div class=\"elementor-element elementor-element-3f56ac1 e-flex e-con-boxed e-con e-parent\" data-id=\"3f56ac1\" data-element_type=\"container\" data-e-type=\"container\" data-settings=\"{&quot;background_background&quot;:&quot;classic&quot;}\">\n\t\t\t\t\t<div class=\"e-con-inner\">\n\t\t\t\t<div class=\"elementor-element elementor-element-cbf0052 elementor-widget elementor-widget-spacer\" data-id=\"cbf0052\" data-element_type=\"widget\" data-e-type=\"widget\" data-widget_type=\"spacer.default\">\n\t\t\t\t<div class=\"elementor-widget-container\">\n\t\t\t\t\t\t\t<div class=\"elementor-spacer\">\n\t\t\t<div class=\"elementor-spacer-inner\"><\/div>\n\t\t<\/div>\n\t\t\t\t\t\t<\/div>\n\t\t\t\t<\/div>\n\t\t\t\t<div class=\"elementor-element elementor-element-06eb938 elementor-widget elementor-widget-heading\" data-id=\"06eb938\" data-element_type=\"widget\" data-e-type=\"widget\" data-widget_type=\"heading.default\">\n\t\t\t\t<div class=\"elementor-widget-container\">\n\t\t\t\t\t<h2 class=\"elementor-heading-title elementor-size-default\">POL\u00cdTICA DE PRIVACITAT<\/h2>\t\t\t\t<\/div>\n\t\t\t\t<\/div>\n\t\t\t\t<div class=\"elementor-element elementor-element-ac0a686 elementor-widget elementor-widget-spacer\" data-id=\"ac0a686\" data-element_type=\"widget\" data-e-type=\"widget\" data-widget_type=\"spacer.default\">\n\t\t\t\t<div class=\"elementor-widget-container\">\n\t\t\t\t\t\t\t<div class=\"elementor-spacer\">\n\t\t\t<div class=\"elementor-spacer-inner\"><\/div>\n\t\t<\/div>\n\t\t\t\t\t\t<\/div>\n\t\t\t\t<\/div>\n\t\t\t\t<div class=\"elementor-element elementor-element-a29baa2 elementor-widget elementor-widget-heading\" data-id=\"a29baa2\" data-element_type=\"widget\" data-e-type=\"widget\" data-widget_type=\"heading.default\">\n\t\t\t\t<div class=\"elementor-widget-container\">\n\t\t\t\t\t<h4 class=\"elementor-heading-title elementor-size-default\">AMB QUINA FINALITAT TRACTAR\u00c1 Serralleria F. Franch, S.L. LES DADES PERSONALS DE L'USUARI I DURANT QUANT DE TEMPS?<\/h4>\t\t\t\t<\/div>\n\t\t\t\t<\/div>\n\t\t\t\t<div class=\"elementor-element elementor-element-4c42422 elementor-widget elementor-widget-text-editor\" data-id=\"4c42422\" data-element_type=\"widget\" data-e-type=\"widget\" data-widget_type=\"text-editor.default\">\n\t\t\t\t<div class=\"elementor-widget-container\">\n\t\t\t\t\t\t\t\t\tLes dades personals facilitades a trav\u00e9s del Lloc Web seran tractades per Serralleria F. Franch, S.L. d&#8217;acord amb les finalitats seg\u00fcents: Gestionar, tramitar i donar resposta a peticions, sol\u00b7licituds, incid\u00e8ncies o consultes de l&#8217;Usuari, quan aquest faciliti les vostres dades a trav\u00e9s del formulari \u00abPressupost\u00bb. Les dades de l&#8217;Usuari seran conservades amb aquesta finalitat fins que se n&#8217;oposi o revoqui el consentiment. \t\t\t\t\t\t\t\t<\/div>\n\t\t\t\t<\/div>\n\t\t\t\t<div class=\"elementor-element elementor-element-4cc99c4 elementor-widget elementor-widget-heading\" data-id=\"4cc99c4\" data-element_type=\"widget\" data-e-type=\"widget\" data-widget_type=\"heading.default\">\n\t\t\t\t<div class=\"elementor-widget-container\">\n\t\t\t\t\t<h4 class=\"elementor-heading-title elementor-size-default\">UINES DADES DE L'USUARI TRACTARAN Serralleria F. Franch, S.L.?<\/h4>\t\t\t\t<\/div>\n\t\t\t\t<\/div>\n\t\t\t\t<div class=\"elementor-element elementor-element-08c1b9a elementor-widget elementor-widget-text-editor\" data-id=\"08c1b9a\" data-element_type=\"widget\" data-e-type=\"widget\" data-widget_type=\"text-editor.default\">\n\t\t\t\t<div class=\"elementor-widget-container\">\n\t\t\t\t\t\t\t\t\tSerralleria F. Franch, S.L. tractar\u00e0 les categories de dades de l&#8217;Usuari seg\u00fcents: dades identificatives i dades de contacte.\t\t\t\t\t\t\t\t<\/div>\n\t\t\t\t<\/div>\n\t\t\t\t<div class=\"elementor-element elementor-element-4a47395 elementor-widget elementor-widget-heading\" data-id=\"4a47395\" data-element_type=\"widget\" data-e-type=\"widget\" data-widget_type=\"heading.default\">\n\t\t\t\t<div class=\"elementor-widget-container\">\n\t\t\t\t\t<h4 class=\"elementor-heading-title elementor-size-default\">QUINA \u00c9S LA LEGITIMACI\u00d3 DEL TRACTAMENT DE LES DADES DE L'USUARI?<\/h4>\t\t\t\t<\/div>\n\t\t\t\t<\/div>\n\t\t\t\t<div class=\"elementor-element elementor-element-5ce8191 elementor-widget elementor-widget-text-editor\" data-id=\"5ce8191\" data-element_type=\"widget\" data-e-type=\"widget\" data-widget_type=\"text-editor.default\">\n\t\t\t\t<div class=\"elementor-widget-container\">\n\t\t\t\t\t\t\t\t\tEl tractament de les dades de l&#8217;usuari per part de Serralleria F. Franch, S.L. est\u00e0 basat en el consentiment que se us demana i que pot retirar en qualsevol moment. Aix\u00f2 no obstant, en cas de retirar-ne el consentiment, aix\u00f2 no afectar\u00e0 la licitud dels tractaments efectuats amb anterioritat.<br>Els consentiments obtinguts per a les finalitats esmentades s\u00f3n independents, per la qual cosa l&#8217;Usuari podr\u00e0 revocar-ne nom\u00e9s un no afectant els altres. \t\t\t\t\t\t\t\t<\/div>\n\t\t\t\t<\/div>\n\t\t\t\t<div class=\"elementor-element elementor-element-7f26c64 elementor-widget elementor-widget-heading\" data-id=\"7f26c64\" data-element_type=\"widget\" data-e-type=\"widget\" data-widget_type=\"heading.default\">\n\t\t\t\t<div class=\"elementor-widget-container\">\n\t\t\t\t\t<h4 class=\"elementor-heading-title elementor-size-default\">RESPONSABILITAT DE L'USUARI.<\/h4>\t\t\t\t<\/div>\n\t\t\t\t<\/div>\n\t\t\t\t<div class=\"elementor-element elementor-element-19599b6 elementor-widget elementor-widget-text-editor\" data-id=\"19599b6\" data-element_type=\"widget\" data-e-type=\"widget\" data-widget_type=\"text-editor.default\">\n\t\t\t\t<div class=\"elementor-widget-container\">\n\t\t\t\t\t\t\t\t\t<p>L&#8217;Usuari:<br>Garanteix que les dades que facilita a Serralleria F. Franch, S.L. s\u00f3n veritables, exactes, complets i actualitzats. A aquests efectes, l&#8217;Usuari respon de la veracitat de totes les dades que comuniqui i mantindr\u00e0 convenientment actualitzada la informaci\u00f3 facilitada, de manera que respongui a la seva situaci\u00f3 real.<br>Ser\u00e0 responsable de les informacions falses o inexactes que proporcioni a trav\u00e9s del Lloc Web i dels danys i perjudicis, directes o indirectes, que aix\u00f2 causi a Serralleria F. Franch, S.L. oa tercers. <\/p>\t\t\t\t\t\t\t\t<\/div>\n\t\t\t\t<\/div>\n\t\t\t\t<div class=\"elementor-element elementor-element-b0d399d elementor-widget elementor-widget-heading\" data-id=\"b0d399d\" data-element_type=\"widget\" data-e-type=\"widget\" data-widget_type=\"heading.default\">\n\t\t\t\t<div class=\"elementor-widget-container\">\n\t\t\t\t\t<h4 class=\"elementor-heading-title elementor-size-default\">XARXES SOCIALS.<\/h4>\t\t\t\t<\/div>\n\t\t\t\t<\/div>\n\t\t\t\t<div class=\"elementor-element elementor-element-ba00ba5 elementor-widget elementor-widget-text-editor\" data-id=\"ba00ba5\" data-element_type=\"widget\" data-e-type=\"widget\" data-widget_type=\"text-editor.default\">\n\t\t\t\t<div class=\"elementor-widget-container\">\n\t\t\t\t\t\t\t\t\tEls perfils en xarxes socials amb qu\u00e8 compti Serralleria F. Franch, S.L. no suposaran un tractament de dades m\u00e9s enll\u00e0 del que la pr\u00f2pia xarxa social permeti per a perfils corporatius. Serralleria F. Franch, S.L. podr\u00e0 utilitzar aquests perfils per informar els usuaris de cada xarxa social subscrits al perfil de l&#8217;empresa sobre les seves activitats, esdeveniments, seminaris ofertes, promocions o novetats als seus productes o serveis, aix\u00ed com compartir informaci\u00f3 d&#8217;inter\u00e8s sobre les tem\u00e0tiques habituals de l&#8217;empresa. Serralleria F. Franch, S.L. no extraur\u00e0 cap dada directament de la xarxa social.  \t\t\t\t\t\t\t\t<\/div>\n\t\t\t\t<\/div>\n\t\t\t\t<div class=\"elementor-element elementor-element-c3fa75c elementor-widget elementor-widget-heading\" data-id=\"c3fa75c\" data-element_type=\"widget\" data-e-type=\"widget\" data-widget_type=\"heading.default\">\n\t\t\t\t<div class=\"elementor-widget-container\">\n\t\t\t\t\t<h4 class=\"elementor-heading-title elementor-size-default\">EXERCICI DE DRETS.<\/h4>\t\t\t\t<\/div>\n\t\t\t\t<\/div>\n\t\t\t\t<div class=\"elementor-element elementor-element-2d20391 elementor-widget elementor-widget-text-editor\" data-id=\"2d20391\" data-element_type=\"widget\" data-e-type=\"widget\" data-widget_type=\"text-editor.default\">\n\t\t\t\t<div class=\"elementor-widget-container\">\n\t\t\t\t\t\t\t\t\tL&#8217;Usuari pot enviar un escrit a Serralleria F. Franch, S.L. amb la Refer\u00e8ncia \u00abProtecci\u00f3 de Dades\u00bb a l&#8217;adre\u00e7a de correu electr\u00f2nic info@grupfranch.com, adjuntant fotoc\u00f2pia del vostre document d&#8217;identitat, en qualsevol moment i de manera gratu\u00efta, per a:<br>Revocar els consentiments atorgats.<br>Acc\u00e9s. Podeu sol\u00b7licitar l&#8217;acc\u00e9s a la informaci\u00f3 personal que conservem sobre vosaltres.<br>Rectificaci\u00f3. Podeu sol\u00b7licitar que corregim, modifiquem o suprimim qualsevol informaci\u00f3 incompleta, desactualitzada o inexacta.<br>Supressi\u00f3. Podeu sol\u00b7licitar la supressi\u00f3 de la vostra informaci\u00f3 personal quan, entre altres motius, les dades ja no siguin necess\u00e0ries per a les finalitats recollides.<br>Oposici\u00f3. Tamb\u00e9 podeu oposar-vos al tractament de la vostra informaci\u00f3 personal basant-vos en un inter\u00e8s leg\u00edtim.<br>Limitaci\u00f3 del tractament. Obtenir de Serralleria F. Franch, S.L. la limitaci\u00f3 del tractament de les dades quan es compleixi alguna de les condicions previstes a la normativa de protecci\u00f3 de dades.<br>Portabilitat de les vostres dades. Dret que us lliurin les vostres dades perqu\u00e8 les pugui transmetre a un altre responsable.<br>Reclamaci\u00f3. Tamb\u00e9 t\u00e9 dret a posar una reclamaci\u00f3 a l&#8217;Ag\u00e8ncia Espanyola de Protecci\u00f3 de Dades (hhttp:\/\/www.agpd.es) quan l&#8217;interessat consideri que Serralleria F. Franch, S.L. ha vulnerat els drets que li s\u00f3n reconeguts per la normativa aplicable en protecci\u00f3 de dades.       \t\t\t\t\t\t\t\t<\/div>\n\t\t\t\t<\/div>\n\t\t\t\t<div class=\"elementor-element elementor-element-a7b4877 elementor-widget elementor-widget-heading\" data-id=\"a7b4877\" data-element_type=\"widget\" data-e-type=\"widget\" data-widget_type=\"heading.default\">\n\t\t\t\t<div class=\"elementor-widget-container\">\n\t\t\t\t\t<h4 class=\"elementor-heading-title elementor-size-default\">MESURES DE SEGURETAT.<\/h4>\t\t\t\t<\/div>\n\t\t\t\t<\/div>\n\t\t\t\t<div class=\"elementor-element elementor-element-3fc477f elementor-widget elementor-widget-text-editor\" data-id=\"3fc477f\" data-element_type=\"widget\" data-e-type=\"widget\" data-widget_type=\"text-editor.default\">\n\t\t\t\t<div class=\"elementor-widget-container\">\n\t\t\t\t\t\t\t\t\tSerralleria F. Franch, S.L. tractar\u00e0 les dades de l&#8217;Usuari en tot moment de forma absolutament confidencial i guardant el preceptiu deure de secret respecte d&#8217;aquests, de conformitat amb all\u00f2 previst a la normativa d&#8217;aplicaci\u00f3, adoptant a aquest efecte les mesures d&#8217;\u00edndole t\u00e8cnica i organitzatives necess\u00e0ries que garanteixin la seguretat de les seves dades i evitin la seva alteraci\u00f3, p\u00e8rdua, tractament o acc\u00e9s no autoritzat, tenint en compte l&#8217;estat de l&#8217;estat de exposats.\t\t\t\t\t\t\t\t<\/div>\n\t\t\t\t<\/div>\n\t\t\t\t<div class=\"elementor-element elementor-element-0f73280 elementor-widget elementor-widget-spacer\" data-id=\"0f73280\" data-element_type=\"widget\" data-e-type=\"widget\" data-widget_type=\"spacer.default\">\n\t\t\t\t<div class=\"elementor-widget-container\">\n\t\t\t\t\t\t\t<div class=\"elementor-spacer\">\n\t\t\t<div class=\"elementor-spacer-inner\"><\/div>\n\t\t<\/div>\n\t\t\t\t\t\t<\/div>\n\t\t\t\t<\/div>\n\t\t\t\t\t<\/div>\n\t\t\t\t<\/div>\n\t\t\t\t<\/div>\n\t\t","protected":false},"excerpt":{"rendered":"<p>POL\u00cdTICA DE PRIVACITAT AMB QUINA FINALITAT TRACTAR\u00c1 Serralleria F. Franch, S.L. LES DADES PERSONALS DE L&#8217;USUARI I DURANT QUANT DE [&hellip;]<\/p>\n","protected":false},"author":1,"featured_media":0,"parent":0,"menu_order":0,"comment_status":"closed","ping_status":"closed","template":"","meta":{"om_disable_all_campaigns":false,"_monsterinsights_skip_tracking":false,"_monsterinsights_sitenote_active":false,"_monsterinsights_sitenote_note":"","_monsterinsights_sitenote_category":0,"_uf_show_specific_survey":0,"_uf_disable_surveys":false,"site-sidebar-layout":"no-sidebar","site-content-layout":"","ast-site-content-layout":"full-width-container","site-content-style":"default","site-sidebar-style":"default","ast-global-header-display":"","ast-banner-title-visibility":"","ast-main-header-display":"","ast-hfb-above-header-display":"","ast-hfb-below-header-display":"","ast-hfb-mobile-header-display":"","site-post-title":"disabled","ast-breadcrumbs-content":"","ast-featured-img":"","footer-sml-layout":"","theme-transparent-header-meta":"","adv-header-id-meta":"","stick-header-meta":"","header-above-stick-meta":"","header-main-stick-meta":"","header-below-stick-meta":"","astra-migrate-meta-layouts":"default","ast-page-background-enabled":"default","ast-page-background-meta":{"desktop":{"background-color":"var(--ast-global-color-4)","background-image":"","background-repeat":"repeat","background-position":"center center","background-size":"auto","background-attachment":"scroll","background-type":"","background-media":"","overlay-type":"","overlay-color":"","overlay-opacity":"","overlay-gradient":""},"tablet":{"background-color":"","background-image":"","background-repeat":"repeat","background-position":"center center","background-size":"auto","background-attachment":"scroll","background-type":"","background-media":"","overlay-type":"","overlay-color":"","overlay-opacity":"","overlay-gradient":""},"mobile":{"background-color":"","background-image":"","background-repeat":"repeat","background-position":"center center","background-size":"auto","background-attachment":"scroll","background-type":"","background-media":"","overlay-type":"","overlay-color":"","overlay-opacity":"","overlay-gradient":""}},"ast-content-background-meta":{"desktop":{"background-color":"var(--ast-global-color-5)","background-image":"","background-repeat":"repeat","background-position":"center center","background-size":"auto","background-attachment":"scroll","background-type":"","background-media":"","overlay-type":"","overlay-color":"","overlay-opacity":"","overlay-gradient":""},"tablet":{"background-color":"var(--ast-global-color-5)","background-image":"","background-repeat":"repeat","background-position":"center center","background-size":"auto","background-attachment":"scroll","background-type":"","background-media":"","overlay-type":"","overlay-color":"","overlay-opacity":"","overlay-gradient":""},"mobile":{"background-color":"var(--ast-global-color-5)","background-image":"","background-repeat":"repeat","background-position":"center center","background-size":"auto","background-attachment":"scroll","background-type":"","background-media":"","overlay-type":"","overlay-color":"","overlay-opacity":"","overlay-gradient":""}},"footnotes":""},"class_list":["post-3901","page","type-page","status-publish","hentry"],"aioseo_notices":[],"_links":{"self":[{"href":"https:\/\/ideaexponent.com\/ca\/wp-json\/wp\/v2\/pages\/3901","targetHints":{"allow":["GET"]}}],"collection":[{"href":"https:\/\/ideaexponent.com\/ca\/wp-json\/wp\/v2\/pages"}],"about":[{"href":"https:\/\/ideaexponent.com\/ca\/wp-json\/wp\/v2\/types\/page"}],"author":[{"embeddable":true,"href":"https:\/\/ideaexponent.com\/ca\/wp-json\/wp\/v2\/users\/1"}],"replies":[{"embeddable":true,"href":"https:\/\/ideaexponent.com\/ca\/wp-json\/wp\/v2\/comments?post=3901"}],"version-history":[{"count":1,"href":"https:\/\/ideaexponent.com\/ca\/wp-json\/wp\/v2\/pages\/3901\/revisions"}],"predecessor-version":[{"id":3902,"href":"https:\/\/ideaexponent.com\/ca\/wp-json\/wp\/v2\/pages\/3901\/revisions\/3902"}],"wp:attachment":[{"href":"https:\/\/ideaexponent.com\/ca\/wp-json\/wp\/v2\/media?parent=3901"}],"curies":[{"name":"wp","href":"https:\/\/api.w.org\/{rel}","templated":true}]}}